{"id":10344,"date":"2023-06-08T15:37:20","date_gmt":"2023-06-08T13:37:20","guid":{"rendered":"https:\/\/tiredofcancerapp.com\/tired-of-cancer\/"},"modified":"2024-09-18T14:59:31","modified_gmt":"2024-09-18T12:59:31","slug":"tired-of-cancer","status":"publish","type":"page","link":"https:\/\/tiredofcancerapp.com\/de\/","title":{"rendered":"Tired of Cancer"},"content":{"rendered":"<div class=\"wpb-content-wrapper\"><p>[vc_row section_full_height=&#8220;fullheight&#8220; bg_type=&#8220;image&#8220; bg_image=&#8220;7510&#8243;][vc_column width=&#8220;1\/2&#8243;]<h1 class=\"grve-element grve-title grve-align-left grve-h1 homepagewhite\" style=\"\"><span>Die Untire-App von Tired of Cancer hilft Brustkrebspatient:innen beim Umgang mit ihrer Tumor-assoziierten Fatigue.<\/span><\/h1><div class=\"grve-empty-space grve-height-1x\" style=\"\"><\/div>[vc_column_text el_class=&#8220;homepagewhite&#8220;]Mit der App bauen sie schrittweise ihre Energie wieder auf.<\/p>\n<p>Weiter Informationen auf <a href=\"https:\/\/untire.me\">Untire.me<\/a> an[\/vc_column_text]<div class=\"grve-empty-space grve-height-1x\" style=\"\"><\/div>[\/vc_column][vc_column width=&#8220;1\/2&#8243;][\/vc_column][\/vc_row][vc_row section_full_height=&#8220;fullheight&#8220; equal_column_height=&#8220;middle-content&#8220; tablet_portrait_equal_column_height=&#8220;false&#8220; mobile_equal_column_height=&#8220;false&#8220; tablet_portrait_full_height=&#8220;false&#8220; mobile_full_height=&#8220;false&#8220;][vc_column width=&#8220;5\/12&#8243;]<div class=\"grve-element grve-image grve-align-center grve-full-image grve-image-space-100\" style=\"\">  <div class=\"grve-image-wrapper\"><img loading=\"lazy\" decoding=\"async\" width=\"768\" height=\"768\" src=\"https:\/\/tiredofcancerapp.com\/wp-content\/uploads\/2024\/09\/Insta-1-slide-768x768.png\" class=\"attachment-medium_large size-medium_large\" alt=\"\" srcset=\"https:\/\/tiredofcancerapp.com\/wp-content\/uploads\/2024\/09\/Insta-1-slide-768x768.png 768w, https:\/\/tiredofcancerapp.com\/wp-content\/uploads\/2024\/09\/Insta-1-slide-300x300.png 300w, https:\/\/tiredofcancerapp.com\/wp-content\/uploads\/2024\/09\/Insta-1-slide-1024x1024.png 1024w, https:\/\/tiredofcancerapp.com\/wp-content\/uploads\/2024\/09\/Insta-1-slide-150x150.png 150w, https:\/\/tiredofcancerapp.com\/wp-content\/uploads\/2024\/09\/Insta-1-slide-560x560.png 560w, https:\/\/tiredofcancerapp.com\/wp-content\/uploads\/2024\/09\/Insta-1-slide-900x900.png 900w, https:\/\/tiredofcancerapp.com\/wp-content\/uploads\/2024\/09\/Insta-1-slide.png 1080w\" sizes=\"(max-width: 768px) 100vw, 768px\" \/>   <\/div><\/div>[\/vc_column][vc_column width=&#8220;1\/12&#8243;][\/vc_column][vc_column width=&#8220;1\/2&#8243;][vc_column_text]<\/p>\n<h1><a href=\"https:\/\/tiredofcancerapp.com\/de\/press-release-untire-x-dr-pfleger\/\">Mit vereinten Kr\u00e4ften ersch\u00f6pfte Brustkrebspatientinnen in Deutschland helfen<\/a> <span style=\"color: #05a700;\">\u2192<\/span><\/h1>\n<p>[\/vc_column_text][\/vc_column][\/vc_row][vc_row section_full_height=&#8220;fullheight&#8220; equal_column_height=&#8220;middle-content&#8220; tablet_portrait_equal_column_height=&#8220;false&#8220; mobile_equal_column_height=&#8220;false&#8220; tablet_portrait_full_height=&#8220;false&#8220; mobile_full_height=&#8220;false&#8220;][vc_column width=&#8220;5\/12&#8243;]<div class=\"grve-element grve-box grve-align-left\" style=\"\"><a class=\"grve-video-popup\" href=\"https:\/\/www.youtube.com\/watch?v=1DrwEeHo3dc\">\t<figure class=\"grve-image-hover grve-zoom-none\">\t\t<div class=\"grve-media\">\t        <div class=\"grve-video-icon grve-icon-video grve-bg-primary-1\"><\/div>\t\t\t<div class=\"grve-bg-primary-2 grve-hover-overlay grve-opacity-50\"><\/div><img loading=\"lazy\" decoding=\"async\" width=\"529\" height=\"353\" src=\"https:\/\/tiredofcancerapp.com\/wp-content\/uploads\/2018\/04\/screenshot.png\" class=\"attachment-full size-full\" alt=\"\" srcset=\"https:\/\/tiredofcancerapp.com\/wp-content\/uploads\/2018\/04\/screenshot.png 529w, https:\/\/tiredofcancerapp.com\/wp-content\/uploads\/2018\/04\/screenshot-300x200.png 300w\" sizes=\"(max-width: 529px) 100vw, 529px\" \/>\t\t<\/div>\t<\/figure><\/a>  <div class=\"grve-box-content\">    <p>Sieh dir f\u00fcr weitere Informationen \u00fcber die App das Video an.<\/p>  <\/div><\/div>[\/vc_column][vc_column width=&#8220;1\/12&#8243;][\/vc_column][vc_column width=&#8220;1\/2&#8243;][vc_column_text]<\/p>\n<h2>Entdecke die einzigartige Untire-App von Tired of Cancer<\/h2>\n<p>Weltweit leiden Millionen Krebspatient:innen an krebsbedingter Fatigue, die sich auf alle Bereiche des Lebens auswirkt. H\u00e4ufige Folgen davon sind Stress und Depressionen.<\/p>\n<p>Kennst du das? Die Untire-App von Tired of Cancer hilft beim Umgang mit deiner Fatigue. Die App enth\u00e4lt ein Programm, das dir hilft, deine Ersch\u00f6pfung zu verstehen. Sie bietet Tipps und \u00dcbungen zum Aufbau deiner Energie. Diesen Tipps und \u00dcbungen liegen bew\u00e4hrte Methoden aus der klinischen Praxis zugrunde. Die App behandelt acht wichtige Themen: Angst, Sorgen, Grenzen, Schlaf, Ern\u00e4hrung, Selbstpflege, Aktivit\u00e4t und nat\u00fcrlich M\u00fcdigkeit.<\/p>\n<ul>\n<li>Mit der Untire-App arbeitest du in deinem eigenen Tempo<\/li>\n<li>Deine Fortschritte ermittelst du mit Messungen<\/li>\n<\/ul>\n<p>[\/vc_column_text][\/vc_column][\/vc_row][vc_row bg_type=&#8220;image&#8220; bg_image=&#8220;3274&#8243; padding_bottom_multiplier=&#8220;&#8220; equal_column_height=&#8220;middle-content&#8220;][vc_column width=&#8220;1\/12&#8243; tablet_sm_width=&#8220;hide&#8220; mobile_width=&#8220;hide&#8220;][\/vc_column][vc_column width=&#8220;5\/6&#8243;]<div class=\"grve-element grve-image grve-align-center\" style=\"\">  <div class=\"grve-image-wrapper\"><img loading=\"lazy\" decoding=\"async\" width=\"1452\" height=\"690\" src=\"https:\/\/tiredofcancerapp.com\/wp-content\/uploads\/2023\/06\/DE-5-screenshots-in-a-row.png\" class=\"attachment-full size-full\" alt=\"\" srcset=\"https:\/\/tiredofcancerapp.com\/wp-content\/uploads\/2023\/06\/DE-5-screenshots-in-a-row.png 1452w, https:\/\/tiredofcancerapp.com\/wp-content\/uploads\/2023\/06\/DE-5-screenshots-in-a-row-300x143.png 300w, https:\/\/tiredofcancerapp.com\/wp-content\/uploads\/2023\/06\/DE-5-screenshots-in-a-row-1024x487.png 1024w, https:\/\/tiredofcancerapp.com\/wp-content\/uploads\/2023\/06\/DE-5-screenshots-in-a-row-768x365.png 768w\" sizes=\"(max-width: 1452px) 100vw, 1452px\" \/>   <\/div><\/div>[\/vc_column][vc_column width=&#8220;1\/12&#8243; tablet_sm_width=&#8220;hide&#8220; mobile_width=&#8220;hide&#8220;][\/vc_column][\/vc_row][vc_row padding_top_multiplier=&#8220;4x&#8220; padding_bottom_multiplier=&#8220;2x&#8220;][vc_column width=&#8220;1\/4&#8243; tablet_sm_width=&#8220;hide&#8220; mobile_width=&#8220;hide&#8220;][\/vc_column][vc_column vertical_content_position=&#8220;bottom&#8220; width=&#8220;1\/4&#8243; tablet_sm_width=&#8220;2-5&#8243; mobile_width=&#8220;2-5&#8243; css=&#8220;.vc_custom_1688046079852{padding-top: 20px !important;}&#8220;]<div class=\"grve-element grve-image grve-align-center\" style=\"\">  <div class=\"grve-image-wrapper\"><img loading=\"lazy\" decoding=\"async\" width=\"150\" height=\"99\" src=\"https:\/\/tiredofcancerapp.com\/wp-content\/uploads\/2023\/06\/CE-Mark-Class-I.png\" class=\"attachment-full size-full\" alt=\"\" \/>   <\/div><\/div>[\/vc_column][vc_column width=&#8220;1\/4&#8243; tablet_sm_width=&#8220;2-5&#8243; mobile_width=&#8220;2-5&#8243;]<div class=\"grve-element grve-image grve-align-center\" style=\"\">  <div class=\"grve-image-wrapper\"><img loading=\"lazy\" decoding=\"async\" width=\"110\" height=\"139\" src=\"https:\/\/tiredofcancerapp.com\/wp-content\/uploads\/2023\/06\/ISO-9001-2015-ISO-27001.png\" class=\"attachment-full size-full\" alt=\"\" \/>   <\/div><\/div>[\/vc_column][vc_column width=&#8220;1\/4&#8243;][\/vc_column][\/vc_row][vc_row][vc_column][\/vc_column][\/vc_row]<\/p>\n<\/div>","protected":false},"excerpt":{"rendered":"<p>[vc_row section_full_height=&#8220;fullheight&#8220; bg_type=&#8220;image&#8220; bg_image=&#8220;7510&#8243;][vc_column width=&#8220;1\/2&#8243;][vc_column_text el_class=&#8220;homepagewhite&#8220;]Mit der App bauen sie schrittweise ihre Energie wieder auf. Weiter Informationen auf Untire.me an[\/vc_column_text][\/vc_column][vc_column width=&#8220;1\/2&#8243;][\/vc_column][\/vc_row][vc_row section_full_height=&#8220;fullheight&#8220; equal_column_height=&#8220;middle-content&#8220; tablet_portrait_equal_column_height=&#8220;false&#8220; mobile_equal_column_height=&#8220;false&#8220; tablet_portrait_full_height=&#8220;false&#8220; mobile_full_height=&#8220;false&#8220;][vc_column width=&#8220;5\/12&#8243;][\/vc_column][vc_column width=&#8220;1\/12&#8243;][\/vc_column][vc_column width=&#8220;1\/2&#8243;][vc_column_text] Mit vereinten Kr\u00e4ften ersch\u00f6pfte Brustkrebspatientinnen in Deutschland helfen \u2192 [\/vc_column_text][\/vc_column][\/vc_row][vc_row section_full_height=&#8220;fullheight&#8220; equal_column_height=&#8220;middle-content&#8220; tablet_portrait_equal_column_height=&#8220;false&#8220; mobile_equal_column_height=&#8220;false&#8220; tablet_portrait_full_height=&#8220;false&#8220; mobile_full_height=&#8220;false&#8220;][vc_column width=&#8220;5\/12&#8243;][\/vc_column][vc_column width=&#8220;1\/12&#8243;][\/vc_column][vc_column width=&#8220;1\/2&#8243;][vc_column_text] Entdecke die einzigartige Untire-App von Tired [&hellip;]<\/p>\n","protected":false},"author":3,"featured_media":0,"parent":0,"menu_order":0,"comment_status":"closed","ping_status":"closed","template":"","meta":{"footnotes":""},"yoast_head":"<!-- This site is optimized with the Yoast SEO plugin v24.5 - https:\/\/yoast.com\/wordpress\/plugins\/seo\/ -->\n<title>Tired of Cancer - Tired of Cancer BV<\/title>\n<meta name=\"robots\" content=\"index, follow, max-snippet:-1, max-image-preview:large, max-video-preview:-1\" \/>\n<link rel=\"canonical\" href=\"https:\/\/tiredofcancerapp.com\/de\/\" \/>\n<meta property=\"og:locale\" content=\"de_DE\" \/>\n<meta property=\"og:type\" content=\"article\" \/>\n<meta property=\"og:title\" content=\"Tired of Cancer - Tired of Cancer BV\" \/>\n<meta property=\"og:description\" content=\"[vc_row section_full_height=&#8220;fullheight&#8220; bg_type=&#8220;image&#8220; bg_image=&#8220;7510&#8243;][vc_column width=&#8220;1\/2&#8243;][vc_column_text el_class=&#8220;homepagewhite&#8220;]Mit der App bauen sie schrittweise ihre Energie wieder auf. Weiter Informationen auf Untire.me an[\/vc_column_text][\/vc_column][vc_column width=&#8220;1\/2&#8243;][\/vc_column][\/vc_row][vc_row section_full_height=&#8220;fullheight&#8220; equal_column_height=&#8220;middle-content&#8220; tablet_portrait_equal_column_height=&#8220;false&#8220; mobile_equal_column_height=&#8220;false&#8220; tablet_portrait_full_height=&#8220;false&#8220; mobile_full_height=&#8220;false&#8220;][vc_column width=&#8220;5\/12&#8243;][\/vc_column][vc_column width=&#8220;1\/12&#8243;][\/vc_column][vc_column width=&#8220;1\/2&#8243;][vc_column_text] Mit vereinten Kr\u00e4ften ersch\u00f6pfte Brustkrebspatientinnen in Deutschland helfen \u2192 [\/vc_column_text][\/vc_column][\/vc_row][vc_row section_full_height=&#8220;fullheight&#8220; equal_column_height=&#8220;middle-content&#8220; tablet_portrait_equal_column_height=&#8220;false&#8220; mobile_equal_column_height=&#8220;false&#8220; tablet_portrait_full_height=&#8220;false&#8220; mobile_full_height=&#8220;false&#8220;][vc_column width=&#8220;5\/12&#8243;][\/vc_column][vc_column width=&#8220;1\/12&#8243;][\/vc_column][vc_column width=&#8220;1\/2&#8243;][vc_column_text] Entdecke die einzigartige Untire-App von Tired [&hellip;]\" \/>\n<meta property=\"og:url\" content=\"https:\/\/tiredofcancerapp.com\/de\/\" \/>\n<meta property=\"og:site_name\" content=\"Tired of Cancer BV\" \/>\n<meta property=\"article:publisher\" content=\"https:\/\/www.facebook.com\/ToCApp\/\" \/>\n<meta property=\"article:modified_time\" content=\"2024-09-18T12:59:31+00:00\" \/>\n<meta name=\"twitter:card\" content=\"summary_large_image\" \/>\n<meta name=\"twitter:site\" content=\"@ToC_App\" \/>\n<meta name=\"twitter:label1\" content=\"Gesch\u00e4tzte Lesezeit\" \/>\n\t<meta name=\"twitter:data1\" content=\"3\u00a0Minuten\" \/>\n<script type=\"application\/ld+json\" class=\"yoast-schema-graph\">{\"@context\":\"https:\/\/schema.org\",\"@graph\":[{\"@type\":\"WebPage\",\"@id\":\"https:\/\/tiredofcancerapp.com\/de\/\",\"url\":\"https:\/\/tiredofcancerapp.com\/de\/\",\"name\":\"Tired of Cancer - Tired of Cancer BV\",\"isPartOf\":{\"@id\":\"https:\/\/tiredofcancerapp.com\/#website\"},\"datePublished\":\"2023-06-08T13:37:20+00:00\",\"dateModified\":\"2024-09-18T12:59:31+00:00\",\"breadcrumb\":{\"@id\":\"https:\/\/tiredofcancerapp.com\/de\/#breadcrumb\"},\"inLanguage\":\"de\",\"potentialAction\":[{\"@type\":\"ReadAction\",\"target\":[\"https:\/\/tiredofcancerapp.com\/de\/\"]}]},{\"@type\":\"BreadcrumbList\",\"@id\":\"https:\/\/tiredofcancerapp.com\/de\/#breadcrumb\",\"itemListElement\":[{\"@type\":\"ListItem\",\"position\":1,\"name\":\"Home\",\"item\":\"https:\/\/tiredofcancerapp.com\/de\/\"},{\"@type\":\"ListItem\",\"position\":2,\"name\":\"Tired of Cancer\"}]},{\"@type\":\"WebSite\",\"@id\":\"https:\/\/tiredofcancerapp.com\/#website\",\"url\":\"https:\/\/tiredofcancerapp.com\/\",\"name\":\"Tired of Cancer BV\",\"description\":\"Tired of Cancer\u2019s Untire app helps cancer patients and survivors to improve quality of life.\",\"potentialAction\":[{\"@type\":\"SearchAction\",\"target\":{\"@type\":\"EntryPoint\",\"urlTemplate\":\"https:\/\/tiredofcancerapp.com\/?s={search_term_string}\"},\"query-input\":{\"@type\":\"PropertyValueSpecification\",\"valueRequired\":true,\"valueName\":\"search_term_string\"}}],\"inLanguage\":\"de\"}]}<\/script>\n<!-- \/ Yoast SEO plugin. -->","yoast_head_json":{"title":"Tired of Cancer - Tired of Cancer BV","robots":{"index":"index","follow":"follow","max-snippet":"max-snippet:-1","max-image-preview":"max-image-preview:large","max-video-preview":"max-video-preview:-1"},"canonical":"https:\/\/tiredofcancerapp.com\/de\/","og_locale":"de_DE","og_type":"article","og_title":"Tired of Cancer - Tired of Cancer BV","og_description":"[vc_row section_full_height=&#8220;fullheight&#8220; bg_type=&#8220;image&#8220; bg_image=&#8220;7510&#8243;][vc_column width=&#8220;1\/2&#8243;][vc_column_text el_class=&#8220;homepagewhite&#8220;]Mit der App bauen sie schrittweise ihre Energie wieder auf. Weiter Informationen auf Untire.me an[\/vc_column_text][\/vc_column][vc_column width=&#8220;1\/2&#8243;][\/vc_column][\/vc_row][vc_row section_full_height=&#8220;fullheight&#8220; equal_column_height=&#8220;middle-content&#8220; tablet_portrait_equal_column_height=&#8220;false&#8220; mobile_equal_column_height=&#8220;false&#8220; tablet_portrait_full_height=&#8220;false&#8220; mobile_full_height=&#8220;false&#8220;][vc_column width=&#8220;5\/12&#8243;][\/vc_column][vc_column width=&#8220;1\/12&#8243;][\/vc_column][vc_column width=&#8220;1\/2&#8243;][vc_column_text] Mit vereinten Kr\u00e4ften ersch\u00f6pfte Brustkrebspatientinnen in Deutschland helfen \u2192 [\/vc_column_text][\/vc_column][\/vc_row][vc_row section_full_height=&#8220;fullheight&#8220; equal_column_height=&#8220;middle-content&#8220; tablet_portrait_equal_column_height=&#8220;false&#8220; mobile_equal_column_height=&#8220;false&#8220; tablet_portrait_full_height=&#8220;false&#8220; mobile_full_height=&#8220;false&#8220;][vc_column width=&#8220;5\/12&#8243;][\/vc_column][vc_column width=&#8220;1\/12&#8243;][\/vc_column][vc_column width=&#8220;1\/2&#8243;][vc_column_text] Entdecke die einzigartige Untire-App von Tired [&hellip;]","og_url":"https:\/\/tiredofcancerapp.com\/de\/","og_site_name":"Tired of Cancer BV","article_publisher":"https:\/\/www.facebook.com\/ToCApp\/","article_modified_time":"2024-09-18T12:59:31+00:00","twitter_card":"summary_large_image","twitter_site":"@ToC_App","twitter_misc":{"Gesch\u00e4tzte Lesezeit":"3\u00a0Minuten"},"schema":{"@context":"https:\/\/schema.org","@graph":[{"@type":"WebPage","@id":"https:\/\/tiredofcancerapp.com\/de\/","url":"https:\/\/tiredofcancerapp.com\/de\/","name":"Tired of Cancer - Tired of Cancer BV","isPartOf":{"@id":"https:\/\/tiredofcancerapp.com\/#website"},"datePublished":"2023-06-08T13:37:20+00:00","dateModified":"2024-09-18T12:59:31+00:00","breadcrumb":{"@id":"https:\/\/tiredofcancerapp.com\/de\/#breadcrumb"},"inLanguage":"de","potentialAction":[{"@type":"ReadAction","target":["https:\/\/tiredofcancerapp.com\/de\/"]}]},{"@type":"BreadcrumbList","@id":"https:\/\/tiredofcancerapp.com\/de\/#breadcrumb","itemListElement":[{"@type":"ListItem","position":1,"name":"Home","item":"https:\/\/tiredofcancerapp.com\/de\/"},{"@type":"ListItem","position":2,"name":"Tired of Cancer"}]},{"@type":"WebSite","@id":"https:\/\/tiredofcancerapp.com\/#website","url":"https:\/\/tiredofcancerapp.com\/","name":"Tired of Cancer BV","description":"Tired of Cancer\u2019s Untire app helps cancer patients and survivors to improve quality of life.","potentialAction":[{"@type":"SearchAction","target":{"@type":"EntryPoint","urlTemplate":"https:\/\/tiredofcancerapp.com\/?s={search_term_string}"},"query-input":{"@type":"PropertyValueSpecification","valueRequired":true,"valueName":"search_term_string"}}],"inLanguage":"de"}]}},"_links":{"self":[{"href":"https:\/\/tiredofcancerapp.com\/de\/wp-json\/wp\/v2\/pages\/10344"}],"collection":[{"href":"https:\/\/tiredofcancerapp.com\/de\/wp-json\/wp\/v2\/pages"}],"about":[{"href":"https:\/\/tiredofcancerapp.com\/de\/wp-json\/wp\/v2\/types\/page"}],"author":[{"embeddable":true,"href":"https:\/\/tiredofcancerapp.com\/de\/wp-json\/wp\/v2\/users\/3"}],"replies":[{"embeddable":true,"href":"https:\/\/tiredofcancerapp.com\/de\/wp-json\/wp\/v2\/comments?post=10344"}],"version-history":[{"count":16,"href":"https:\/\/tiredofcancerapp.com\/de\/wp-json\/wp\/v2\/pages\/10344\/revisions"}],"predecessor-version":[{"id":10691,"href":"https:\/\/tiredofcancerapp.com\/de\/wp-json\/wp\/v2\/pages\/10344\/revisions\/10691"}],"wp:attachment":[{"href":"https:\/\/tiredofcancerapp.com\/de\/wp-json\/wp\/v2\/media?parent=10344"}],"curies":[{"name":"wp","href":"https:\/\/api.w.org\/{rel}","templated":true}]}}