{"id":10383,"date":"2023-06-15T11:15:12","date_gmt":"2023-06-15T09:15:12","guid":{"rendered":"https:\/\/tiredofcancerapp.com\/team\/amy-rich-rosenblum\/"},"modified":"2023-06-29T14:08:53","modified_gmt":"2023-06-29T12:08:53","slug":"amy-rich-rosenblum","status":"publish","type":"page","link":"https:\/\/tiredofcancerapp.com\/de\/team-2\/amy-rich-rosenblum\/","title":{"rendered":"Amy Rich Rosenblum"},"content":{"rendered":"<div class=\"wpb-content-wrapper\"><p>[vc_row padding_top_multiplier=&#8220;&#8220;][vc_column width=&#8220;2\/5&#8243;][\/vc_column][vc_column width=&#8220;1\/5&#8243;]<div class=\"grve-element grve-image grve-align-center\" style=\"\">  <div class=\"grve-image-wrapper\"><img loading=\"lazy\" decoding=\"async\" width=\"404\" height=\"407\" src=\"https:\/\/tiredofcancerapp.com\/wp-content\/uploads\/2018\/03\/Amy.jpg\" class=\"attachment-full size-full\" alt=\"\" srcset=\"https:\/\/tiredofcancerapp.com\/wp-content\/uploads\/2018\/03\/Amy.jpg 404w, https:\/\/tiredofcancerapp.com\/wp-content\/uploads\/2018\/03\/Amy-150x150.jpg 150w, https:\/\/tiredofcancerapp.com\/wp-content\/uploads\/2018\/03\/Amy-298x300.jpg 298w, https:\/\/tiredofcancerapp.com\/wp-content\/uploads\/2018\/03\/Amy-80x80.jpg 80w\" sizes=\"(max-width: 404px) 100vw, 404px\" \/>   <\/div><\/div>[\/vc_column][vc_column width=&#8220;2\/5&#8243;][\/vc_column][\/vc_row][vc_row padding_top_multiplier=&#8220;&#8220;][vc_column width=&#8220;1\/4&#8243;][\/vc_column][vc_column width=&#8220;1\/2&#8243;][vc_column_text]<\/p>\n<h3 style=\"text-align: center;\">Amy Rich Rosenblum<\/h3>\n<p style=\"text-align: center;\">Strategische Beraterin USA<\/p>\n<p style=\"text-align: center;\"><a href=\"mailto:amy@tiredofcancerapp.com\">amy@tiredofcancerapp.com<\/a><\/p>\n<p>[\/vc_column_text][\/vc_column][vc_column width=&#8220;1\/4&#8243;][\/vc_column][\/vc_row][vc_row][vc_column width=&#8220;1\/4&#8243;][\/vc_column][vc_column width=&#8220;1\/2&#8243;][vc_column_text]Amy hat \u00fcber 12 Jahre im amerikanischen Gesundheitswesen gearbeitet. Ihr Spezialgebiet sind Marketingstrategie sowie Entwicklung und Umsetzung von Gesundheitsinitiativen. In ihren Verantwortungsbereich fallen Sensibilisierung und Erl\u00e4uterung der tumorbedingten Fatigue sowie das Ankn\u00fcpfen nachhaltiger globaler Partnerschaften mit wichtigen Interessenvertretern im Gesundheitswesen. Sie setzt sich jetzt in den USA voller Engagement f\u00fcr das Bekanntwerden der Untire App bei Patienten und Pflegepersonal ein. Nach ihrer zweieinhalbj\u00e4hrigen T\u00e4tigkeit als Expat in Utrecht ist sie jetzt wieder zur\u00fcck in Nashville\/Tennessee (USA).<\/p>\n<p>[\/vc_column_text][\/vc_column][vc_column width=&#8220;1\/4&#8243;][\/vc_column][\/vc_row]<\/p>\n<\/div>","protected":false},"excerpt":{"rendered":"<p>[vc_row padding_top_multiplier=&#8220;&#8220;][vc_column width=&#8220;2\/5&#8243;][\/vc_column][vc_column width=&#8220;1\/5&#8243;][\/vc_column][vc_column width=&#8220;2\/5&#8243;][\/vc_column][\/vc_row][vc_row padding_top_multiplier=&#8220;&#8220;][vc_column width=&#8220;1\/4&#8243;][\/vc_column][vc_column width=&#8220;1\/2&#8243;][vc_column_text] Amy Rich Rosenblum Strategische Beraterin USA amy@tiredofcancerapp.com [\/vc_column_text][\/vc_column][vc_column width=&#8220;1\/4&#8243;][\/vc_column][\/vc_row][vc_row][vc_column width=&#8220;1\/4&#8243;][\/vc_column][vc_column width=&#8220;1\/2&#8243;][vc_column_text]Amy hat \u00fcber 12 Jahre im amerikanischen Gesundheitswesen gearbeitet. Ihr Spezialgebiet sind Marketingstrategie sowie Entwicklung und Umsetzung von Gesundheitsinitiativen. In ihren Verantwortungsbereich fallen Sensibilisierung und Erl\u00e4uterung der tumorbedingten Fatigue sowie das Ankn\u00fcpfen nachhaltiger globaler Partnerschaften mit wichtigen [&hellip;]<\/p>\n","protected":false},"author":3,"featured_media":0,"parent":10357,"menu_order":0,"comment_status":"closed","ping_status":"closed","template":"","meta":{"footnotes":""},"yoast_head":"<!-- This site is optimized with the Yoast SEO plugin v24.5 - https:\/\/yoast.com\/wordpress\/plugins\/seo\/ -->\n<title>Amy Rich Rosenblum - Tired of Cancer BV<\/title>\n<meta name=\"robots\" content=\"index, follow, max-snippet:-1, max-image-preview:large, max-video-preview:-1\" \/>\n<link rel=\"canonical\" href=\"https:\/\/tiredofcancerapp.com\/de\/team-2\/amy-rich-rosenblum\/\" \/>\n<meta property=\"og:locale\" content=\"de_DE\" \/>\n<meta property=\"og:type\" content=\"article\" \/>\n<meta property=\"og:title\" content=\"Amy Rich Rosenblum - Tired of Cancer BV\" \/>\n<meta property=\"og:description\" content=\"[vc_row padding_top_multiplier=&#8220;&#8220;][vc_column width=&#8220;2\/5&#8243;][\/vc_column][vc_column width=&#8220;1\/5&#8243;][\/vc_column][vc_column width=&#8220;2\/5&#8243;][\/vc_column][\/vc_row][vc_row padding_top_multiplier=&#8220;&#8220;][vc_column width=&#8220;1\/4&#8243;][\/vc_column][vc_column width=&#8220;1\/2&#8243;][vc_column_text] Amy Rich Rosenblum Strategische Beraterin USA amy@tiredofcancerapp.com [\/vc_column_text][\/vc_column][vc_column width=&#8220;1\/4&#8243;][\/vc_column][\/vc_row][vc_row][vc_column width=&#8220;1\/4&#8243;][\/vc_column][vc_column width=&#8220;1\/2&#8243;][vc_column_text]Amy hat \u00fcber 12 Jahre im amerikanischen Gesundheitswesen gearbeitet. Ihr Spezialgebiet sind Marketingstrategie sowie Entwicklung und Umsetzung von Gesundheitsinitiativen. In ihren Verantwortungsbereich fallen Sensibilisierung und Erl\u00e4uterung der tumorbedingten Fatigue sowie das Ankn\u00fcpfen nachhaltiger globaler Partnerschaften mit wichtigen [&hellip;]\" \/>\n<meta property=\"og:url\" content=\"https:\/\/tiredofcancerapp.com\/de\/team-2\/amy-rich-rosenblum\/\" \/>\n<meta property=\"og:site_name\" content=\"Tired of Cancer BV\" \/>\n<meta property=\"article:publisher\" content=\"https:\/\/www.facebook.com\/ToCApp\/\" \/>\n<meta property=\"article:modified_time\" content=\"2023-06-29T12:08:53+00:00\" \/>\n<meta name=\"twitter:card\" content=\"summary_large_image\" \/>\n<meta name=\"twitter:site\" content=\"@ToC_App\" \/>\n<meta name=\"twitter:label1\" content=\"Gesch\u00e4tzte Lesezeit\" \/>\n\t<meta name=\"twitter:data1\" content=\"1\u00a0Minute\" \/>\n<script type=\"application\/ld+json\" class=\"yoast-schema-graph\">{\"@context\":\"https:\/\/schema.org\",\"@graph\":[{\"@type\":\"WebPage\",\"@id\":\"https:\/\/tiredofcancerapp.com\/de\/team-2\/amy-rich-rosenblum\/\",\"url\":\"https:\/\/tiredofcancerapp.com\/de\/team-2\/amy-rich-rosenblum\/\",\"name\":\"Amy Rich Rosenblum - Tired of Cancer BV\",\"isPartOf\":{\"@id\":\"https:\/\/tiredofcancerapp.com\/#website\"},\"datePublished\":\"2023-06-15T09:15:12+00:00\",\"dateModified\":\"2023-06-29T12:08:53+00:00\",\"breadcrumb\":{\"@id\":\"https:\/\/tiredofcancerapp.com\/de\/team-2\/amy-rich-rosenblum\/#breadcrumb\"},\"inLanguage\":\"de\",\"potentialAction\":[{\"@type\":\"ReadAction\",\"target\":[\"https:\/\/tiredofcancerapp.com\/de\/team-2\/amy-rich-rosenblum\/\"]}]},{\"@type\":\"BreadcrumbList\",\"@id\":\"https:\/\/tiredofcancerapp.com\/de\/team-2\/amy-rich-rosenblum\/#breadcrumb\",\"itemListElement\":[{\"@type\":\"ListItem\",\"position\":1,\"name\":\"Home\",\"item\":\"https:\/\/tiredofcancerapp.com\/de\/\"},{\"@type\":\"ListItem\",\"position\":2,\"name\":\"Team\",\"item\":\"https:\/\/tiredofcancerapp.com\/de\/?page_id=10357\"},{\"@type\":\"ListItem\",\"position\":3,\"name\":\"Amy Rich Rosenblum\"}]},{\"@type\":\"WebSite\",\"@id\":\"https:\/\/tiredofcancerapp.com\/#website\",\"url\":\"https:\/\/tiredofcancerapp.com\/\",\"name\":\"Tired of Cancer BV\",\"description\":\"Tired of Cancer\u2019s Untire app helps cancer patients and survivors to improve quality of life.\",\"potentialAction\":[{\"@type\":\"SearchAction\",\"target\":{\"@type\":\"EntryPoint\",\"urlTemplate\":\"https:\/\/tiredofcancerapp.com\/?s={search_term_string}\"},\"query-input\":{\"@type\":\"PropertyValueSpecification\",\"valueRequired\":true,\"valueName\":\"search_term_string\"}}],\"inLanguage\":\"de\"}]}<\/script>\n<!-- \/ Yoast SEO plugin. -->","yoast_head_json":{"title":"Amy Rich Rosenblum - Tired of Cancer BV","robots":{"index":"index","follow":"follow","max-snippet":"max-snippet:-1","max-image-preview":"max-image-preview:large","max-video-preview":"max-video-preview:-1"},"canonical":"https:\/\/tiredofcancerapp.com\/de\/team-2\/amy-rich-rosenblum\/","og_locale":"de_DE","og_type":"article","og_title":"Amy Rich Rosenblum - Tired of Cancer BV","og_description":"[vc_row padding_top_multiplier=&#8220;&#8220;][vc_column width=&#8220;2\/5&#8243;][\/vc_column][vc_column width=&#8220;1\/5&#8243;][\/vc_column][vc_column width=&#8220;2\/5&#8243;][\/vc_column][\/vc_row][vc_row padding_top_multiplier=&#8220;&#8220;][vc_column width=&#8220;1\/4&#8243;][\/vc_column][vc_column width=&#8220;1\/2&#8243;][vc_column_text] Amy Rich Rosenblum Strategische Beraterin USA amy@tiredofcancerapp.com [\/vc_column_text][\/vc_column][vc_column width=&#8220;1\/4&#8243;][\/vc_column][\/vc_row][vc_row][vc_column width=&#8220;1\/4&#8243;][\/vc_column][vc_column width=&#8220;1\/2&#8243;][vc_column_text]Amy hat \u00fcber 12 Jahre im amerikanischen Gesundheitswesen gearbeitet. Ihr Spezialgebiet sind Marketingstrategie sowie Entwicklung und Umsetzung von Gesundheitsinitiativen. In ihren Verantwortungsbereich fallen Sensibilisierung und Erl\u00e4uterung der tumorbedingten Fatigue sowie das Ankn\u00fcpfen nachhaltiger globaler Partnerschaften mit wichtigen [&hellip;]","og_url":"https:\/\/tiredofcancerapp.com\/de\/team-2\/amy-rich-rosenblum\/","og_site_name":"Tired of Cancer BV","article_publisher":"https:\/\/www.facebook.com\/ToCApp\/","article_modified_time":"2023-06-29T12:08:53+00:00","twitter_card":"summary_large_image","twitter_site":"@ToC_App","twitter_misc":{"Gesch\u00e4tzte Lesezeit":"1\u00a0Minute"},"schema":{"@context":"https:\/\/schema.org","@graph":[{"@type":"WebPage","@id":"https:\/\/tiredofcancerapp.com\/de\/team-2\/amy-rich-rosenblum\/","url":"https:\/\/tiredofcancerapp.com\/de\/team-2\/amy-rich-rosenblum\/","name":"Amy Rich Rosenblum - Tired of Cancer BV","isPartOf":{"@id":"https:\/\/tiredofcancerapp.com\/#website"},"datePublished":"2023-06-15T09:15:12+00:00","dateModified":"2023-06-29T12:08:53+00:00","breadcrumb":{"@id":"https:\/\/tiredofcancerapp.com\/de\/team-2\/amy-rich-rosenblum\/#breadcrumb"},"inLanguage":"de","potentialAction":[{"@type":"ReadAction","target":["https:\/\/tiredofcancerapp.com\/de\/team-2\/amy-rich-rosenblum\/"]}]},{"@type":"BreadcrumbList","@id":"https:\/\/tiredofcancerapp.com\/de\/team-2\/amy-rich-rosenblum\/#breadcrumb","itemListElement":[{"@type":"ListItem","position":1,"name":"Home","item":"https:\/\/tiredofcancerapp.com\/de\/"},{"@type":"ListItem","position":2,"name":"Team","item":"https:\/\/tiredofcancerapp.com\/de\/?page_id=10357"},{"@type":"ListItem","position":3,"name":"Amy Rich Rosenblum"}]},{"@type":"WebSite","@id":"https:\/\/tiredofcancerapp.com\/#website","url":"https:\/\/tiredofcancerapp.com\/","name":"Tired of Cancer BV","description":"Tired of Cancer\u2019s Untire app helps cancer patients and survivors to improve quality of life.","potentialAction":[{"@type":"SearchAction","target":{"@type":"EntryPoint","urlTemplate":"https:\/\/tiredofcancerapp.com\/?s={search_term_string}"},"query-input":{"@type":"PropertyValueSpecification","valueRequired":true,"valueName":"search_term_string"}}],"inLanguage":"de"}]}},"_links":{"self":[{"href":"https:\/\/tiredofcancerapp.com\/de\/wp-json\/wp\/v2\/pages\/10383"}],"collection":[{"href":"https:\/\/tiredofcancerapp.com\/de\/wp-json\/wp\/v2\/pages"}],"about":[{"href":"https:\/\/tiredofcancerapp.com\/de\/wp-json\/wp\/v2\/types\/page"}],"author":[{"embeddable":true,"href":"https:\/\/tiredofcancerapp.com\/de\/wp-json\/wp\/v2\/users\/3"}],"replies":[{"embeddable":true,"href":"https:\/\/tiredofcancerapp.com\/de\/wp-json\/wp\/v2\/comments?post=10383"}],"version-history":[{"count":2,"href":"https:\/\/tiredofcancerapp.com\/de\/wp-json\/wp\/v2\/pages\/10383\/revisions"}],"predecessor-version":[{"id":10400,"href":"https:\/\/tiredofcancerapp.com\/de\/wp-json\/wp\/v2\/pages\/10383\/revisions\/10400"}],"up":[{"embeddable":true,"href":"https:\/\/tiredofcancerapp.com\/de\/wp-json\/wp\/v2\/pages\/10357"}],"wp:attachment":[{"href":"https:\/\/tiredofcancerapp.com\/de\/wp-json\/wp\/v2\/media?parent=10383"}],"curies":[{"name":"wp","href":"https:\/\/api.w.org\/{rel}","templated":true}]}}