{"id":10397,"date":"2023-06-15T15:29:24","date_gmt":"2023-06-15T13:29:24","guid":{"rendered":"https:\/\/tiredofcancerapp.com\/team\/simon-s-spahrkas-phd\/"},"modified":"2024-02-14T10:13:45","modified_gmt":"2024-02-14T09:13:45","slug":"simon-s-spahrkas-phd","status":"publish","type":"page","link":"https:\/\/tiredofcancerapp.com\/de\/simon-s-spahrkas-phd\/","title":{"rendered":"Simon S. Spahrk\u00e4s, PhD"},"content":{"rendered":"<div class=\"wpb-content-wrapper\"><p>[vc_row padding_top_multiplier=&#8220;&#8220;][vc_column width=&#8220;2\/5&#8243;][\/vc_column][vc_column width=&#8220;1\/5&#8243;]<div class=\"grve-element grve-image grve-align-center\" style=\"\">  <div class=\"grve-image-wrapper\"><img loading=\"lazy\" decoding=\"async\" width=\"1200\" height=\"1200\" src=\"https:\/\/tiredofcancerapp.com\/wp-content\/uploads\/2024\/01\/Simon_2024-1200x1200-1.png\" class=\"attachment-full size-full\" alt=\"\" srcset=\"https:\/\/tiredofcancerapp.com\/wp-content\/uploads\/2024\/01\/Simon_2024-1200x1200-1.png 1200w, https:\/\/tiredofcancerapp.com\/wp-content\/uploads\/2024\/01\/Simon_2024-1200x1200-1-300x300.png 300w, https:\/\/tiredofcancerapp.com\/wp-content\/uploads\/2024\/01\/Simon_2024-1200x1200-1-1024x1024.png 1024w, https:\/\/tiredofcancerapp.com\/wp-content\/uploads\/2024\/01\/Simon_2024-1200x1200-1-150x150.png 150w, https:\/\/tiredofcancerapp.com\/wp-content\/uploads\/2024\/01\/Simon_2024-1200x1200-1-768x768.png 768w, https:\/\/tiredofcancerapp.com\/wp-content\/uploads\/2024\/01\/Simon_2024-1200x1200-1-560x560.png 560w, https:\/\/tiredofcancerapp.com\/wp-content\/uploads\/2024\/01\/Simon_2024-1200x1200-1-900x900.png 900w\" sizes=\"(max-width: 1200px) 100vw, 1200px\" \/>   <\/div><\/div>[\/vc_column][vc_column width=&#8220;2\/5&#8243;][\/vc_column][\/vc_row][vc_row padding_top_multiplier=&#8220;&#8220;][vc_column width=&#8220;1\/4&#8243;][\/vc_column][vc_column width=&#8220;1\/2&#8243;][vc_column_text]<\/p>\n<h3 style=\"text-align: center;\">Simon S. Spahrk\u00e4s, PhD<\/h3>\n<p style=\"text-align: center;\">Head of Research<\/p>\n<p style=\"text-align: center;\"><a href=\"mailto:jos@tiredofcancerapp.com\">simon@tiredofcancerapp.com<\/a><\/p>\n<p>[\/vc_column_text][\/vc_column][vc_column width=&#8220;1\/4&#8243;][\/vc_column][\/vc_row][vc_row][vc_column width=&#8220;1\/4&#8243;][\/vc_column][vc_column width=&#8220;1\/2&#8243;][vc_column_text]Als unser Forschungsleiter koordiniert Simon Spahrk\u00e4s wissenschaftliche Forschungsprojekte bei Tired of Cancer. Mit einem Doppelmasterabschluss in klinischer Epidemiologie und Psychologie war Simon schon immer daran interessiert, zu untersuchen, wie therapeutische Interventionen effektiv funktionieren und durchgef\u00fchrt werden k\u00f6nnen. In seiner Doktorarbeit zeigte der Wissenschaftler in verschiedenen Studien, dass die Untire-App Krebsm\u00fcdigkeit (Fatigue) reduzieren und Lebensqualit\u00e4t vieler (ehemaligen) Krebspatienten verbessern kann. Simon ist davon \u00fcberzeugt, dass eine innovative und wirksame Intervention wie die Untire-App eine skalierbare M\u00f6glichkeit f\u00fcr die psycho-onkologische Versorgung darstellen kann, die vielen Patienten weltweit helfen k\u00f6nnte.[\/vc_column_text][\/vc_column][vc_column width=&#8220;1\/4&#8243;][\/vc_column][\/vc_row]<\/p>\n<\/div>","protected":false},"excerpt":{"rendered":"<p>[vc_row padding_top_multiplier=&#8220;&#8220;][vc_column width=&#8220;2\/5&#8243;][\/vc_column][vc_column width=&#8220;1\/5&#8243;][\/vc_column][vc_column width=&#8220;2\/5&#8243;][\/vc_column][\/vc_row][vc_row padding_top_multiplier=&#8220;&#8220;][vc_column width=&#8220;1\/4&#8243;][\/vc_column][vc_column width=&#8220;1\/2&#8243;][vc_column_text] Simon S. Spahrk\u00e4s, PhD Head of Research simon@tiredofcancerapp.com [\/vc_column_text][\/vc_column][vc_column width=&#8220;1\/4&#8243;][\/vc_column][\/vc_row][vc_row][vc_column width=&#8220;1\/4&#8243;][\/vc_column][vc_column width=&#8220;1\/2&#8243;][vc_column_text]Als unser Forschungsleiter koordiniert Simon Spahrk\u00e4s wissenschaftliche Forschungsprojekte bei Tired of Cancer. Mit einem Doppelmasterabschluss in klinischer Epidemiologie und Psychologie war Simon schon immer daran interessiert, zu untersuchen, wie therapeutische Interventionen effektiv funktionieren und durchgef\u00fchrt werden [&hellip;]<\/p>\n","protected":false},"author":3,"featured_media":0,"parent":0,"menu_order":0,"comment_status":"closed","ping_status":"closed","template":"","meta":{"footnotes":""},"yoast_head":"<!-- This site is optimized with the Yoast SEO plugin v24.5 - https:\/\/yoast.com\/wordpress\/plugins\/seo\/ -->\n<title>Simon S. Spahrk\u00e4s, PhD - Tired of Cancer BV<\/title>\n<meta name=\"robots\" content=\"index, follow, max-snippet:-1, max-image-preview:large, max-video-preview:-1\" \/>\n<link rel=\"canonical\" href=\"https:\/\/tiredofcancerapp.com\/de\/team-2\/simon-s-spahrkas-phd\/\" \/>\n<meta property=\"og:locale\" content=\"de_DE\" \/>\n<meta property=\"og:type\" content=\"article\" \/>\n<meta property=\"og:title\" content=\"Simon S. Spahrk\u00e4s, PhD - Tired of Cancer BV\" \/>\n<meta property=\"og:description\" content=\"[vc_row padding_top_multiplier=&#8220;&#8220;][vc_column width=&#8220;2\/5&#8243;][\/vc_column][vc_column width=&#8220;1\/5&#8243;][\/vc_column][vc_column width=&#8220;2\/5&#8243;][\/vc_column][\/vc_row][vc_row padding_top_multiplier=&#8220;&#8220;][vc_column width=&#8220;1\/4&#8243;][\/vc_column][vc_column width=&#8220;1\/2&#8243;][vc_column_text] Simon S. Spahrk\u00e4s, PhD Head of Research simon@tiredofcancerapp.com [\/vc_column_text][\/vc_column][vc_column width=&#8220;1\/4&#8243;][\/vc_column][\/vc_row][vc_row][vc_column width=&#8220;1\/4&#8243;][\/vc_column][vc_column width=&#8220;1\/2&#8243;][vc_column_text]Als unser Forschungsleiter koordiniert Simon Spahrk\u00e4s wissenschaftliche Forschungsprojekte bei Tired of Cancer. Mit einem Doppelmasterabschluss in klinischer Epidemiologie und Psychologie war Simon schon immer daran interessiert, zu untersuchen, wie therapeutische Interventionen effektiv funktionieren und durchgef\u00fchrt werden [&hellip;]\" \/>\n<meta property=\"og:url\" content=\"https:\/\/tiredofcancerapp.com\/de\/team-2\/simon-s-spahrkas-phd\/\" \/>\n<meta property=\"og:site_name\" content=\"Tired of Cancer BV\" \/>\n<meta property=\"article:publisher\" content=\"https:\/\/www.facebook.com\/ToCApp\/\" \/>\n<meta property=\"article:modified_time\" content=\"2024-02-14T09:13:45+00:00\" \/>\n<meta name=\"twitter:card\" content=\"summary_large_image\" \/>\n<meta name=\"twitter:site\" content=\"@ToC_App\" \/>\n<meta name=\"twitter:label1\" content=\"Gesch\u00e4tzte Lesezeit\" \/>\n\t<meta name=\"twitter:data1\" content=\"1\u00a0Minute\" \/>\n<script type=\"application\/ld+json\" class=\"yoast-schema-graph\">{\"@context\":\"https:\/\/schema.org\",\"@graph\":[{\"@type\":\"WebPage\",\"@id\":\"https:\/\/tiredofcancerapp.com\/de\/team-2\/simon-s-spahrkas-phd\/\",\"url\":\"https:\/\/tiredofcancerapp.com\/de\/team-2\/simon-s-spahrkas-phd\/\",\"name\":\"Simon S. Spahrk\u00e4s, PhD - Tired of Cancer BV\",\"isPartOf\":{\"@id\":\"https:\/\/tiredofcancerapp.com\/#website\"},\"datePublished\":\"2023-06-15T13:29:24+00:00\",\"dateModified\":\"2024-02-14T09:13:45+00:00\",\"breadcrumb\":{\"@id\":\"https:\/\/tiredofcancerapp.com\/de\/team-2\/simon-s-spahrkas-phd\/#breadcrumb\"},\"inLanguage\":\"de\",\"potentialAction\":[{\"@type\":\"ReadAction\",\"target\":[\"https:\/\/tiredofcancerapp.com\/de\/team-2\/simon-s-spahrkas-phd\/\"]}]},{\"@type\":\"BreadcrumbList\",\"@id\":\"https:\/\/tiredofcancerapp.com\/de\/team-2\/simon-s-spahrkas-phd\/#breadcrumb\",\"itemListElement\":[{\"@type\":\"ListItem\",\"position\":1,\"name\":\"Home\",\"item\":\"https:\/\/tiredofcancerapp.com\/de\/\"},{\"@type\":\"ListItem\",\"position\":2,\"name\":\"Team\",\"item\":\"https:\/\/tiredofcancerapp.com\/de\/?page_id=10357\"},{\"@type\":\"ListItem\",\"position\":3,\"name\":\"Simon S. Spahrk\u00e4s, PhD\"}]},{\"@type\":\"WebSite\",\"@id\":\"https:\/\/tiredofcancerapp.com\/#website\",\"url\":\"https:\/\/tiredofcancerapp.com\/\",\"name\":\"Tired of Cancer BV\",\"description\":\"Tired of Cancer\u2019s Untire app helps cancer patients and survivors to improve quality of life.\",\"potentialAction\":[{\"@type\":\"SearchAction\",\"target\":{\"@type\":\"EntryPoint\",\"urlTemplate\":\"https:\/\/tiredofcancerapp.com\/?s={search_term_string}\"},\"query-input\":{\"@type\":\"PropertyValueSpecification\",\"valueRequired\":true,\"valueName\":\"search_term_string\"}}],\"inLanguage\":\"de\"}]}<\/script>\n<!-- \/ Yoast SEO plugin. -->","yoast_head_json":{"title":"Simon S. Spahrk\u00e4s, PhD - Tired of Cancer BV","robots":{"index":"index","follow":"follow","max-snippet":"max-snippet:-1","max-image-preview":"max-image-preview:large","max-video-preview":"max-video-preview:-1"},"canonical":"https:\/\/tiredofcancerapp.com\/de\/team-2\/simon-s-spahrkas-phd\/","og_locale":"de_DE","og_type":"article","og_title":"Simon S. Spahrk\u00e4s, PhD - Tired of Cancer BV","og_description":"[vc_row padding_top_multiplier=&#8220;&#8220;][vc_column width=&#8220;2\/5&#8243;][\/vc_column][vc_column width=&#8220;1\/5&#8243;][\/vc_column][vc_column width=&#8220;2\/5&#8243;][\/vc_column][\/vc_row][vc_row padding_top_multiplier=&#8220;&#8220;][vc_column width=&#8220;1\/4&#8243;][\/vc_column][vc_column width=&#8220;1\/2&#8243;][vc_column_text] Simon S. Spahrk\u00e4s, PhD Head of Research simon@tiredofcancerapp.com [\/vc_column_text][\/vc_column][vc_column width=&#8220;1\/4&#8243;][\/vc_column][\/vc_row][vc_row][vc_column width=&#8220;1\/4&#8243;][\/vc_column][vc_column width=&#8220;1\/2&#8243;][vc_column_text]Als unser Forschungsleiter koordiniert Simon Spahrk\u00e4s wissenschaftliche Forschungsprojekte bei Tired of Cancer. Mit einem Doppelmasterabschluss in klinischer Epidemiologie und Psychologie war Simon schon immer daran interessiert, zu untersuchen, wie therapeutische Interventionen effektiv funktionieren und durchgef\u00fchrt werden [&hellip;]","og_url":"https:\/\/tiredofcancerapp.com\/de\/team-2\/simon-s-spahrkas-phd\/","og_site_name":"Tired of Cancer BV","article_publisher":"https:\/\/www.facebook.com\/ToCApp\/","article_modified_time":"2024-02-14T09:13:45+00:00","twitter_card":"summary_large_image","twitter_site":"@ToC_App","twitter_misc":{"Gesch\u00e4tzte Lesezeit":"1\u00a0Minute"},"schema":{"@context":"https:\/\/schema.org","@graph":[{"@type":"WebPage","@id":"https:\/\/tiredofcancerapp.com\/de\/team-2\/simon-s-spahrkas-phd\/","url":"https:\/\/tiredofcancerapp.com\/de\/team-2\/simon-s-spahrkas-phd\/","name":"Simon S. Spahrk\u00e4s, PhD - Tired of Cancer BV","isPartOf":{"@id":"https:\/\/tiredofcancerapp.com\/#website"},"datePublished":"2023-06-15T13:29:24+00:00","dateModified":"2024-02-14T09:13:45+00:00","breadcrumb":{"@id":"https:\/\/tiredofcancerapp.com\/de\/team-2\/simon-s-spahrkas-phd\/#breadcrumb"},"inLanguage":"de","potentialAction":[{"@type":"ReadAction","target":["https:\/\/tiredofcancerapp.com\/de\/team-2\/simon-s-spahrkas-phd\/"]}]},{"@type":"BreadcrumbList","@id":"https:\/\/tiredofcancerapp.com\/de\/team-2\/simon-s-spahrkas-phd\/#breadcrumb","itemListElement":[{"@type":"ListItem","position":1,"name":"Home","item":"https:\/\/tiredofcancerapp.com\/de\/"},{"@type":"ListItem","position":2,"name":"Team","item":"https:\/\/tiredofcancerapp.com\/de\/?page_id=10357"},{"@type":"ListItem","position":3,"name":"Simon S. Spahrk\u00e4s, PhD"}]},{"@type":"WebSite","@id":"https:\/\/tiredofcancerapp.com\/#website","url":"https:\/\/tiredofcancerapp.com\/","name":"Tired of Cancer BV","description":"Tired of Cancer\u2019s Untire app helps cancer patients and survivors to improve quality of life.","potentialAction":[{"@type":"SearchAction","target":{"@type":"EntryPoint","urlTemplate":"https:\/\/tiredofcancerapp.com\/?s={search_term_string}"},"query-input":{"@type":"PropertyValueSpecification","valueRequired":true,"valueName":"search_term_string"}}],"inLanguage":"de"}]}},"_links":{"self":[{"href":"https:\/\/tiredofcancerapp.com\/de\/wp-json\/wp\/v2\/pages\/10397"}],"collection":[{"href":"https:\/\/tiredofcancerapp.com\/de\/wp-json\/wp\/v2\/pages"}],"about":[{"href":"https:\/\/tiredofcancerapp.com\/de\/wp-json\/wp\/v2\/types\/page"}],"author":[{"embeddable":true,"href":"https:\/\/tiredofcancerapp.com\/de\/wp-json\/wp\/v2\/users\/3"}],"replies":[{"embeddable":true,"href":"https:\/\/tiredofcancerapp.com\/de\/wp-json\/wp\/v2\/comments?post=10397"}],"version-history":[{"count":2,"href":"https:\/\/tiredofcancerapp.com\/de\/wp-json\/wp\/v2\/pages\/10397\/revisions"}],"predecessor-version":[{"id":10693,"href":"https:\/\/tiredofcancerapp.com\/de\/wp-json\/wp\/v2\/pages\/10397\/revisions\/10693"}],"wp:attachment":[{"href":"https:\/\/tiredofcancerapp.com\/de\/wp-json\/wp\/v2\/media?parent=10397"}],"curies":[{"name":"wp","href":"https:\/\/api.w.org\/{rel}","templated":true}]}}