{"id":10398,"date":"2023-06-15T15:40:53","date_gmt":"2023-06-15T13:40:53","guid":{"rendered":"https:\/\/tiredofcancerapp.com\/team\/sruthi-subbaraman-llm\/"},"modified":"2023-08-09T14:00:39","modified_gmt":"2023-08-09T12:00:39","slug":"sruthi-subbaraman-llm","status":"publish","type":"page","link":"https:\/\/tiredofcancerapp.com\/de\/team-2\/sruthi-subbaraman-llm\/","title":{"rendered":"Sruthi Subbaraman LL.M."},"content":{"rendered":"<div class=\"wpb-content-wrapper\"><p>[vc_row padding_top_multiplier=&#8220;&#8220;][vc_column width=&#8220;2\/5&#8243;][\/vc_column][vc_column width=&#8220;1\/5&#8243;]<div class=\"grve-element grve-image grve-align-center\" style=\"\">  <div class=\"grve-image-wrapper\"><img loading=\"lazy\" decoding=\"async\" width=\"300\" height=\"300\" src=\"https:\/\/tiredofcancerapp.com\/wp-content\/uploads\/2022\/06\/sruthi.jpg\" class=\"attachment-full size-full\" alt=\"\" srcset=\"https:\/\/tiredofcancerapp.com\/wp-content\/uploads\/2022\/06\/sruthi.jpg 300w, https:\/\/tiredofcancerapp.com\/wp-content\/uploads\/2022\/06\/sruthi-150x150.jpg 150w, https:\/\/tiredofcancerapp.com\/wp-content\/uploads\/2022\/06\/sruthi-80x80.jpg 80w\" sizes=\"(max-width: 300px) 100vw, 300px\" \/>   <\/div><\/div>[\/vc_column][vc_column width=&#8220;2\/5&#8243;][\/vc_column][\/vc_row][vc_row padding_top_multiplier=&#8220;&#8220;][vc_column width=&#8220;1\/4&#8243;][\/vc_column][vc_column width=&#8220;1\/2&#8243;][vc_column_text]<\/p>\n<h3 style=\"text-align: center;\">Sruthi Subbaraman LL.M.<\/h3>\n<p style=\"text-align: center;\">Head of Legal &amp; Regulatory Affairs<\/p>\n<p style=\"text-align: center;\"><a href=\"mailto:sruthi@tiredofcancerapp.com\">sruthi@tiredofcancerapp.com<\/a><\/p>\n<p>[\/vc_column_text][\/vc_column][vc_column width=&#8220;1\/4&#8243;][\/vc_column][\/vc_row][vc_row][vc_column width=&#8220;1\/4&#8243;][\/vc_column][vc_column width=&#8220;1\/2&#8243;][vc_column_text]Sruthi ist eine indische Auswanderin, die seit 2018 in den Niederlanden lebt. Nach ihrem LL.M.-Abschluss in internationalem \u00f6ffentlichem Recht an der Universit\u00e4t Utrecht arbeitete sie als Qualit\u00e4ts- und Regulierungsbeauftragte bei einem Unternehmen, das medizinische Ger\u00e4te herstellt. W\u00e4hrend ihrer vorherigen T\u00e4tigkeit erkannte sie die immensen Lernm\u00f6glichkeiten innerhalb der Medizinproduktebranche und den Beitrag, den sie als Juristin f\u00fcr die Branche leisten konnte, und entwickelte eine Affinit\u00e4t zu diesem Bereich. Sie ist begeistert davon, Teil von ToC zu sein und das Leben von Krebspatienten und Krebs\u00fcberlebenden zu verbessern. Mit ihrem juristischen Fachwissen freut sie sich darauf, zur kontinuierlichen Weiterentwicklung der regulatorischen, Compliance- und rechtlichen Aspekte von Untire beizutragen.[\/vc_column_text][\/vc_column][vc_column width=&#8220;1\/4&#8243;][\/vc_column][\/vc_row]<\/p>\n<\/div>","protected":false},"excerpt":{"rendered":"<p>[vc_row padding_top_multiplier=&#8220;&#8220;][vc_column width=&#8220;2\/5&#8243;][\/vc_column][vc_column width=&#8220;1\/5&#8243;][\/vc_column][vc_column width=&#8220;2\/5&#8243;][\/vc_column][\/vc_row][vc_row padding_top_multiplier=&#8220;&#8220;][vc_column width=&#8220;1\/4&#8243;][\/vc_column][vc_column width=&#8220;1\/2&#8243;][vc_column_text] Sruthi Subbaraman LL.M. Head of Legal &amp; Regulatory Affairs sruthi@tiredofcancerapp.com [\/vc_column_text][\/vc_column][vc_column width=&#8220;1\/4&#8243;][\/vc_column][\/vc_row][vc_row][vc_column width=&#8220;1\/4&#8243;][\/vc_column][vc_column width=&#8220;1\/2&#8243;][vc_column_text]Sruthi ist eine indische Auswanderin, die seit 2018 in den Niederlanden lebt. Nach ihrem LL.M.-Abschluss in internationalem \u00f6ffentlichem Recht an der Universit\u00e4t Utrecht arbeitete sie als Qualit\u00e4ts- und Regulierungsbeauftragte bei einem Unternehmen, das medizinische [&hellip;]<\/p>\n","protected":false},"author":3,"featured_media":0,"parent":10357,"menu_order":0,"comment_status":"closed","ping_status":"closed","template":"","meta":{"footnotes":""},"yoast_head":"<!-- This site is optimized with the Yoast SEO plugin v24.5 - https:\/\/yoast.com\/wordpress\/plugins\/seo\/ -->\n<title>Sruthi Subbaraman LL.M. - Tired of Cancer BV<\/title>\n<meta name=\"robots\" content=\"index, follow, max-snippet:-1, max-image-preview:large, max-video-preview:-1\" \/>\n<link rel=\"canonical\" href=\"https:\/\/tiredofcancerapp.com\/de\/team-2\/sruthi-subbaraman-llm\/\" \/>\n<meta property=\"og:locale\" content=\"de_DE\" \/>\n<meta property=\"og:type\" content=\"article\" \/>\n<meta property=\"og:title\" content=\"Sruthi Subbaraman LL.M. - Tired of Cancer BV\" \/>\n<meta property=\"og:description\" content=\"[vc_row padding_top_multiplier=&#8220;&#8220;][vc_column width=&#8220;2\/5&#8243;][\/vc_column][vc_column width=&#8220;1\/5&#8243;][\/vc_column][vc_column width=&#8220;2\/5&#8243;][\/vc_column][\/vc_row][vc_row padding_top_multiplier=&#8220;&#8220;][vc_column width=&#8220;1\/4&#8243;][\/vc_column][vc_column width=&#8220;1\/2&#8243;][vc_column_text] Sruthi Subbaraman LL.M. Head of Legal &amp; Regulatory Affairs sruthi@tiredofcancerapp.com [\/vc_column_text][\/vc_column][vc_column width=&#8220;1\/4&#8243;][\/vc_column][\/vc_row][vc_row][vc_column width=&#8220;1\/4&#8243;][\/vc_column][vc_column width=&#8220;1\/2&#8243;][vc_column_text]Sruthi ist eine indische Auswanderin, die seit 2018 in den Niederlanden lebt. Nach ihrem LL.M.-Abschluss in internationalem \u00f6ffentlichem Recht an der Universit\u00e4t Utrecht arbeitete sie als Qualit\u00e4ts- und Regulierungsbeauftragte bei einem Unternehmen, das medizinische [&hellip;]\" \/>\n<meta property=\"og:url\" content=\"https:\/\/tiredofcancerapp.com\/de\/team-2\/sruthi-subbaraman-llm\/\" \/>\n<meta property=\"og:site_name\" content=\"Tired of Cancer BV\" \/>\n<meta property=\"article:publisher\" content=\"https:\/\/www.facebook.com\/ToCApp\/\" \/>\n<meta property=\"article:modified_time\" content=\"2023-08-09T12:00:39+00:00\" \/>\n<meta name=\"twitter:card\" content=\"summary_large_image\" \/>\n<meta name=\"twitter:site\" content=\"@ToC_App\" \/>\n<meta name=\"twitter:label1\" content=\"Gesch\u00e4tzte Lesezeit\" \/>\n\t<meta name=\"twitter:data1\" content=\"1\u00a0Minute\" \/>\n<script type=\"application\/ld+json\" class=\"yoast-schema-graph\">{\"@context\":\"https:\/\/schema.org\",\"@graph\":[{\"@type\":\"WebPage\",\"@id\":\"https:\/\/tiredofcancerapp.com\/de\/team-2\/sruthi-subbaraman-llm\/\",\"url\":\"https:\/\/tiredofcancerapp.com\/de\/team-2\/sruthi-subbaraman-llm\/\",\"name\":\"Sruthi Subbaraman LL.M. - Tired of Cancer BV\",\"isPartOf\":{\"@id\":\"https:\/\/tiredofcancerapp.com\/#website\"},\"datePublished\":\"2023-06-15T13:40:53+00:00\",\"dateModified\":\"2023-08-09T12:00:39+00:00\",\"breadcrumb\":{\"@id\":\"https:\/\/tiredofcancerapp.com\/de\/team-2\/sruthi-subbaraman-llm\/#breadcrumb\"},\"inLanguage\":\"de\",\"potentialAction\":[{\"@type\":\"ReadAction\",\"target\":[\"https:\/\/tiredofcancerapp.com\/de\/team-2\/sruthi-subbaraman-llm\/\"]}]},{\"@type\":\"BreadcrumbList\",\"@id\":\"https:\/\/tiredofcancerapp.com\/de\/team-2\/sruthi-subbaraman-llm\/#breadcrumb\",\"itemListElement\":[{\"@type\":\"ListItem\",\"position\":1,\"name\":\"Home\",\"item\":\"https:\/\/tiredofcancerapp.com\/de\/\"},{\"@type\":\"ListItem\",\"position\":2,\"name\":\"Team\",\"item\":\"https:\/\/tiredofcancerapp.com\/de\/?page_id=10357\"},{\"@type\":\"ListItem\",\"position\":3,\"name\":\"Sruthi Subbaraman LL.M.\"}]},{\"@type\":\"WebSite\",\"@id\":\"https:\/\/tiredofcancerapp.com\/#website\",\"url\":\"https:\/\/tiredofcancerapp.com\/\",\"name\":\"Tired of Cancer BV\",\"description\":\"Tired of Cancer\u2019s Untire app helps cancer patients and survivors to improve quality of life.\",\"potentialAction\":[{\"@type\":\"SearchAction\",\"target\":{\"@type\":\"EntryPoint\",\"urlTemplate\":\"https:\/\/tiredofcancerapp.com\/?s={search_term_string}\"},\"query-input\":{\"@type\":\"PropertyValueSpecification\",\"valueRequired\":true,\"valueName\":\"search_term_string\"}}],\"inLanguage\":\"de\"}]}<\/script>\n<!-- \/ Yoast SEO plugin. -->","yoast_head_json":{"title":"Sruthi Subbaraman LL.M. - Tired of Cancer BV","robots":{"index":"index","follow":"follow","max-snippet":"max-snippet:-1","max-image-preview":"max-image-preview:large","max-video-preview":"max-video-preview:-1"},"canonical":"https:\/\/tiredofcancerapp.com\/de\/team-2\/sruthi-subbaraman-llm\/","og_locale":"de_DE","og_type":"article","og_title":"Sruthi Subbaraman LL.M. - Tired of Cancer BV","og_description":"[vc_row padding_top_multiplier=&#8220;&#8220;][vc_column width=&#8220;2\/5&#8243;][\/vc_column][vc_column width=&#8220;1\/5&#8243;][\/vc_column][vc_column width=&#8220;2\/5&#8243;][\/vc_column][\/vc_row][vc_row padding_top_multiplier=&#8220;&#8220;][vc_column width=&#8220;1\/4&#8243;][\/vc_column][vc_column width=&#8220;1\/2&#8243;][vc_column_text] Sruthi Subbaraman LL.M. Head of Legal &amp; Regulatory Affairs sruthi@tiredofcancerapp.com [\/vc_column_text][\/vc_column][vc_column width=&#8220;1\/4&#8243;][\/vc_column][\/vc_row][vc_row][vc_column width=&#8220;1\/4&#8243;][\/vc_column][vc_column width=&#8220;1\/2&#8243;][vc_column_text]Sruthi ist eine indische Auswanderin, die seit 2018 in den Niederlanden lebt. Nach ihrem LL.M.-Abschluss in internationalem \u00f6ffentlichem Recht an der Universit\u00e4t Utrecht arbeitete sie als Qualit\u00e4ts- und Regulierungsbeauftragte bei einem Unternehmen, das medizinische [&hellip;]","og_url":"https:\/\/tiredofcancerapp.com\/de\/team-2\/sruthi-subbaraman-llm\/","og_site_name":"Tired of Cancer BV","article_publisher":"https:\/\/www.facebook.com\/ToCApp\/","article_modified_time":"2023-08-09T12:00:39+00:00","twitter_card":"summary_large_image","twitter_site":"@ToC_App","twitter_misc":{"Gesch\u00e4tzte Lesezeit":"1\u00a0Minute"},"schema":{"@context":"https:\/\/schema.org","@graph":[{"@type":"WebPage","@id":"https:\/\/tiredofcancerapp.com\/de\/team-2\/sruthi-subbaraman-llm\/","url":"https:\/\/tiredofcancerapp.com\/de\/team-2\/sruthi-subbaraman-llm\/","name":"Sruthi Subbaraman LL.M. - Tired of Cancer BV","isPartOf":{"@id":"https:\/\/tiredofcancerapp.com\/#website"},"datePublished":"2023-06-15T13:40:53+00:00","dateModified":"2023-08-09T12:00:39+00:00","breadcrumb":{"@id":"https:\/\/tiredofcancerapp.com\/de\/team-2\/sruthi-subbaraman-llm\/#breadcrumb"},"inLanguage":"de","potentialAction":[{"@type":"ReadAction","target":["https:\/\/tiredofcancerapp.com\/de\/team-2\/sruthi-subbaraman-llm\/"]}]},{"@type":"BreadcrumbList","@id":"https:\/\/tiredofcancerapp.com\/de\/team-2\/sruthi-subbaraman-llm\/#breadcrumb","itemListElement":[{"@type":"ListItem","position":1,"name":"Home","item":"https:\/\/tiredofcancerapp.com\/de\/"},{"@type":"ListItem","position":2,"name":"Team","item":"https:\/\/tiredofcancerapp.com\/de\/?page_id=10357"},{"@type":"ListItem","position":3,"name":"Sruthi Subbaraman LL.M."}]},{"@type":"WebSite","@id":"https:\/\/tiredofcancerapp.com\/#website","url":"https:\/\/tiredofcancerapp.com\/","name":"Tired of Cancer BV","description":"Tired of Cancer\u2019s Untire app helps cancer patients and survivors to improve quality of life.","potentialAction":[{"@type":"SearchAction","target":{"@type":"EntryPoint","urlTemplate":"https:\/\/tiredofcancerapp.com\/?s={search_term_string}"},"query-input":{"@type":"PropertyValueSpecification","valueRequired":true,"valueName":"search_term_string"}}],"inLanguage":"de"}]}},"_links":{"self":[{"href":"https:\/\/tiredofcancerapp.com\/de\/wp-json\/wp\/v2\/pages\/10398"}],"collection":[{"href":"https:\/\/tiredofcancerapp.com\/de\/wp-json\/wp\/v2\/pages"}],"about":[{"href":"https:\/\/tiredofcancerapp.com\/de\/wp-json\/wp\/v2\/types\/page"}],"author":[{"embeddable":true,"href":"https:\/\/tiredofcancerapp.com\/de\/wp-json\/wp\/v2\/users\/3"}],"replies":[{"embeddable":true,"href":"https:\/\/tiredofcancerapp.com\/de\/wp-json\/wp\/v2\/comments?post=10398"}],"version-history":[{"count":3,"href":"https:\/\/tiredofcancerapp.com\/de\/wp-json\/wp\/v2\/pages\/10398\/revisions"}],"predecessor-version":[{"id":10425,"href":"https:\/\/tiredofcancerapp.com\/de\/wp-json\/wp\/v2\/pages\/10398\/revisions\/10425"}],"up":[{"embeddable":true,"href":"https:\/\/tiredofcancerapp.com\/de\/wp-json\/wp\/v2\/pages\/10357"}],"wp:attachment":[{"href":"https:\/\/tiredofcancerapp.com\/de\/wp-json\/wp\/v2\/media?parent=10398"}],"curies":[{"name":"wp","href":"https:\/\/api.w.org\/{rel}","templated":true}]}}