{"id":10463,"date":"2023-07-17T16:10:45","date_gmt":"2023-07-17T14:10:45","guid":{"rendered":"https:\/\/tiredofcancerapp.com\/?page_id=10463"},"modified":"2023-12-07T11:13:42","modified_gmt":"2023-12-07T10:13:42","slug":"francisco-ferrero","status":"publish","type":"page","link":"https:\/\/tiredofcancerapp.com\/de\/francisco-ferrero\/","title":{"rendered":"Francisco Ferrero"},"content":{"rendered":"<div class=\"wpb-content-wrapper\"><p>[vc_row padding_top_multiplier=&#8220;&#8220;][vc_column width=&#8220;2\/5&#8243;][\/vc_column][vc_column width=&#8220;1\/5&#8243;]<div class=\"grve-element grve-image grve-align-center\" style=\"\">  <div class=\"grve-image-wrapper\"><img loading=\"lazy\" decoding=\"async\" width=\"1200\" height=\"1200\" src=\"https:\/\/tiredofcancerapp.com\/wp-content\/uploads\/2023\/11\/Francisco.jpg\" class=\"attachment-full size-full\" alt=\"\" srcset=\"https:\/\/tiredofcancerapp.com\/wp-content\/uploads\/2023\/11\/Francisco.jpg 1200w, https:\/\/tiredofcancerapp.com\/wp-content\/uploads\/2023\/11\/Francisco-300x300.jpg 300w, https:\/\/tiredofcancerapp.com\/wp-content\/uploads\/2023\/11\/Francisco-1024x1024.jpg 1024w, https:\/\/tiredofcancerapp.com\/wp-content\/uploads\/2023\/11\/Francisco-150x150.jpg 150w, https:\/\/tiredofcancerapp.com\/wp-content\/uploads\/2023\/11\/Francisco-768x768.jpg 768w, https:\/\/tiredofcancerapp.com\/wp-content\/uploads\/2023\/11\/Francisco-560x560.jpg 560w, https:\/\/tiredofcancerapp.com\/wp-content\/uploads\/2023\/11\/Francisco-900x900.jpg 900w\" sizes=\"(max-width: 1200px) 100vw, 1200px\" \/>   <\/div><\/div>[\/vc_column][vc_column width=&#8220;2\/5&#8243;][\/vc_column][\/vc_row][vc_row padding_top_multiplier=&#8220;&#8220;][vc_column width=&#8220;1\/4&#8243;][\/vc_column][vc_column width=&#8220;1\/2&#8243;][vc_column_text]<\/p>\n<h3 style=\"text-align: center;\">Francisco Ferrero<\/h3>\n<p style=\"text-align: center;\">Projektmanager &#8211; Lateinamerikanischer Markt<\/p>\n<p style=\"text-align: center;\"><a href=\"mailto:francisco@tiredofcancerapp.com\">francisco@tiredofcancerapp.com<\/a><\/p>\n<p>[\/vc_column_text][\/vc_column][vc_column width=&#8220;1\/4&#8243;][\/vc_column][\/vc_row][vc_row][vc_column width=&#8220;1\/4&#8243;][\/vc_column][vc_column width=&#8220;1\/2&#8243;][vc_column_text]Francisco arbeitet als Projektmanager f\u00fcr die Markteinf\u00fchrung der Untire-App in Lateinamerika. Mit seinem Hintergrund in Wirtschaftsingenieurwesen und seiner Begeisterung f\u00fcr Kulturen und Innovationen tr\u00e4gt er aktiv zur Implementierung der App in der Region bei. Nach Abschluss seines Studiums in Argentinien hat Francisco verschiedene ehrenamtliche Programme unterst\u00fctzt, die ihm ein tiefes Verst\u00e4ndnis f\u00fcr die vielf\u00e4ltigen Kulturen und Perspektiven in der Region vermittelt haben. Daher betrachtet er die Markteinf\u00fchrung von Untire nicht nur als gro\u00dfe Herausforderung, sondern auch als ein bedeutsames Ziel.[\/vc_column_text][\/vc_column][vc_column width=&#8220;1\/4&#8243;][\/vc_column][\/vc_row]<\/p>\n<\/div>","protected":false},"excerpt":{"rendered":"<p>[vc_row padding_top_multiplier=&#8220;&#8220;][vc_column width=&#8220;2\/5&#8243;][\/vc_column][vc_column width=&#8220;1\/5&#8243;][\/vc_column][vc_column width=&#8220;2\/5&#8243;][\/vc_column][\/vc_row][vc_row padding_top_multiplier=&#8220;&#8220;][vc_column width=&#8220;1\/4&#8243;][\/vc_column][vc_column width=&#8220;1\/2&#8243;][vc_column_text] Francisco Ferrero Projektmanager &#8211; Lateinamerikanischer Markt francisco@tiredofcancerapp.com [\/vc_column_text][\/vc_column][vc_column width=&#8220;1\/4&#8243;][\/vc_column][\/vc_row][vc_row][vc_column width=&#8220;1\/4&#8243;][\/vc_column][vc_column width=&#8220;1\/2&#8243;][vc_column_text]Francisco arbeitet als Projektmanager f\u00fcr die Markteinf\u00fchrung der Untire-App in Lateinamerika. Mit seinem Hintergrund in Wirtschaftsingenieurwesen und seiner Begeisterung f\u00fcr Kulturen und Innovationen tr\u00e4gt er aktiv zur Implementierung der App in der Region bei. Nach Abschluss seines [&hellip;]<\/p>\n","protected":false},"author":3,"featured_media":0,"parent":0,"menu_order":0,"comment_status":"closed","ping_status":"closed","template":"","meta":{"footnotes":""},"yoast_head":"<!-- This site is optimized with the Yoast SEO plugin v24.5 - https:\/\/yoast.com\/wordpress\/plugins\/seo\/ -->\n<title>Francisco Ferrero - Tired of Cancer BV<\/title>\n<meta name=\"robots\" content=\"index, follow, max-snippet:-1, max-image-preview:large, max-video-preview:-1\" \/>\n<link rel=\"canonical\" href=\"https:\/\/tiredofcancerapp.com\/de\/francisco-ferrero\/\" \/>\n<meta property=\"og:locale\" content=\"de_DE\" \/>\n<meta property=\"og:type\" content=\"article\" \/>\n<meta property=\"og:title\" content=\"Francisco Ferrero - Tired of Cancer BV\" \/>\n<meta property=\"og:description\" content=\"[vc_row padding_top_multiplier=&#8220;&#8220;][vc_column width=&#8220;2\/5&#8243;][\/vc_column][vc_column width=&#8220;1\/5&#8243;][\/vc_column][vc_column width=&#8220;2\/5&#8243;][\/vc_column][\/vc_row][vc_row padding_top_multiplier=&#8220;&#8220;][vc_column width=&#8220;1\/4&#8243;][\/vc_column][vc_column width=&#8220;1\/2&#8243;][vc_column_text] Francisco Ferrero Projektmanager &#8211; Lateinamerikanischer Markt francisco@tiredofcancerapp.com [\/vc_column_text][\/vc_column][vc_column width=&#8220;1\/4&#8243;][\/vc_column][\/vc_row][vc_row][vc_column width=&#8220;1\/4&#8243;][\/vc_column][vc_column width=&#8220;1\/2&#8243;][vc_column_text]Francisco arbeitet als Projektmanager f\u00fcr die Markteinf\u00fchrung der Untire-App in Lateinamerika. Mit seinem Hintergrund in Wirtschaftsingenieurwesen und seiner Begeisterung f\u00fcr Kulturen und Innovationen tr\u00e4gt er aktiv zur Implementierung der App in der Region bei. Nach Abschluss seines [&hellip;]\" \/>\n<meta property=\"og:url\" content=\"https:\/\/tiredofcancerapp.com\/de\/francisco-ferrero\/\" \/>\n<meta property=\"og:site_name\" content=\"Tired of Cancer BV\" \/>\n<meta property=\"article:publisher\" content=\"https:\/\/www.facebook.com\/ToCApp\/\" \/>\n<meta property=\"article:modified_time\" content=\"2023-12-07T10:13:42+00:00\" \/>\n<meta name=\"twitter:card\" content=\"summary_large_image\" \/>\n<meta name=\"twitter:site\" content=\"@ToC_App\" \/>\n<meta name=\"twitter:label1\" content=\"Gesch\u00e4tzte Lesezeit\" \/>\n\t<meta name=\"twitter:data1\" content=\"1\u00a0Minute\" \/>\n<script type=\"application\/ld+json\" class=\"yoast-schema-graph\">{\"@context\":\"https:\/\/schema.org\",\"@graph\":[{\"@type\":\"WebPage\",\"@id\":\"https:\/\/tiredofcancerapp.com\/de\/francisco-ferrero\/\",\"url\":\"https:\/\/tiredofcancerapp.com\/de\/francisco-ferrero\/\",\"name\":\"Francisco Ferrero - Tired of Cancer BV\",\"isPartOf\":{\"@id\":\"https:\/\/tiredofcancerapp.com\/#website\"},\"datePublished\":\"2023-07-17T14:10:45+00:00\",\"dateModified\":\"2023-12-07T10:13:42+00:00\",\"breadcrumb\":{\"@id\":\"https:\/\/tiredofcancerapp.com\/de\/francisco-ferrero\/#breadcrumb\"},\"inLanguage\":\"de\",\"potentialAction\":[{\"@type\":\"ReadAction\",\"target\":[\"https:\/\/tiredofcancerapp.com\/de\/francisco-ferrero\/\"]}]},{\"@type\":\"BreadcrumbList\",\"@id\":\"https:\/\/tiredofcancerapp.com\/de\/francisco-ferrero\/#breadcrumb\",\"itemListElement\":[{\"@type\":\"ListItem\",\"position\":1,\"name\":\"Home\",\"item\":\"https:\/\/tiredofcancerapp.com\/de\/\"},{\"@type\":\"ListItem\",\"position\":2,\"name\":\"Francisco Ferrero\"}]},{\"@type\":\"WebSite\",\"@id\":\"https:\/\/tiredofcancerapp.com\/#website\",\"url\":\"https:\/\/tiredofcancerapp.com\/\",\"name\":\"Tired of Cancer BV\",\"description\":\"Tired of Cancer\u2019s Untire app helps cancer patients and survivors to improve quality of life.\",\"potentialAction\":[{\"@type\":\"SearchAction\",\"target\":{\"@type\":\"EntryPoint\",\"urlTemplate\":\"https:\/\/tiredofcancerapp.com\/?s={search_term_string}\"},\"query-input\":{\"@type\":\"PropertyValueSpecification\",\"valueRequired\":true,\"valueName\":\"search_term_string\"}}],\"inLanguage\":\"de\"}]}<\/script>\n<!-- \/ Yoast SEO plugin. -->","yoast_head_json":{"title":"Francisco Ferrero - Tired of Cancer BV","robots":{"index":"index","follow":"follow","max-snippet":"max-snippet:-1","max-image-preview":"max-image-preview:large","max-video-preview":"max-video-preview:-1"},"canonical":"https:\/\/tiredofcancerapp.com\/de\/francisco-ferrero\/","og_locale":"de_DE","og_type":"article","og_title":"Francisco Ferrero - Tired of Cancer BV","og_description":"[vc_row padding_top_multiplier=&#8220;&#8220;][vc_column width=&#8220;2\/5&#8243;][\/vc_column][vc_column width=&#8220;1\/5&#8243;][\/vc_column][vc_column width=&#8220;2\/5&#8243;][\/vc_column][\/vc_row][vc_row padding_top_multiplier=&#8220;&#8220;][vc_column width=&#8220;1\/4&#8243;][\/vc_column][vc_column width=&#8220;1\/2&#8243;][vc_column_text] Francisco Ferrero Projektmanager &#8211; Lateinamerikanischer Markt francisco@tiredofcancerapp.com [\/vc_column_text][\/vc_column][vc_column width=&#8220;1\/4&#8243;][\/vc_column][\/vc_row][vc_row][vc_column width=&#8220;1\/4&#8243;][\/vc_column][vc_column width=&#8220;1\/2&#8243;][vc_column_text]Francisco arbeitet als Projektmanager f\u00fcr die Markteinf\u00fchrung der Untire-App in Lateinamerika. Mit seinem Hintergrund in Wirtschaftsingenieurwesen und seiner Begeisterung f\u00fcr Kulturen und Innovationen tr\u00e4gt er aktiv zur Implementierung der App in der Region bei. Nach Abschluss seines [&hellip;]","og_url":"https:\/\/tiredofcancerapp.com\/de\/francisco-ferrero\/","og_site_name":"Tired of Cancer BV","article_publisher":"https:\/\/www.facebook.com\/ToCApp\/","article_modified_time":"2023-12-07T10:13:42+00:00","twitter_card":"summary_large_image","twitter_site":"@ToC_App","twitter_misc":{"Gesch\u00e4tzte Lesezeit":"1\u00a0Minute"},"schema":{"@context":"https:\/\/schema.org","@graph":[{"@type":"WebPage","@id":"https:\/\/tiredofcancerapp.com\/de\/francisco-ferrero\/","url":"https:\/\/tiredofcancerapp.com\/de\/francisco-ferrero\/","name":"Francisco Ferrero - Tired of Cancer BV","isPartOf":{"@id":"https:\/\/tiredofcancerapp.com\/#website"},"datePublished":"2023-07-17T14:10:45+00:00","dateModified":"2023-12-07T10:13:42+00:00","breadcrumb":{"@id":"https:\/\/tiredofcancerapp.com\/de\/francisco-ferrero\/#breadcrumb"},"inLanguage":"de","potentialAction":[{"@type":"ReadAction","target":["https:\/\/tiredofcancerapp.com\/de\/francisco-ferrero\/"]}]},{"@type":"BreadcrumbList","@id":"https:\/\/tiredofcancerapp.com\/de\/francisco-ferrero\/#breadcrumb","itemListElement":[{"@type":"ListItem","position":1,"name":"Home","item":"https:\/\/tiredofcancerapp.com\/de\/"},{"@type":"ListItem","position":2,"name":"Francisco Ferrero"}]},{"@type":"WebSite","@id":"https:\/\/tiredofcancerapp.com\/#website","url":"https:\/\/tiredofcancerapp.com\/","name":"Tired of Cancer BV","description":"Tired of Cancer\u2019s Untire app helps cancer patients and survivors to improve quality of life.","potentialAction":[{"@type":"SearchAction","target":{"@type":"EntryPoint","urlTemplate":"https:\/\/tiredofcancerapp.com\/?s={search_term_string}"},"query-input":{"@type":"PropertyValueSpecification","valueRequired":true,"valueName":"search_term_string"}}],"inLanguage":"de"}]}},"_links":{"self":[{"href":"https:\/\/tiredofcancerapp.com\/de\/wp-json\/wp\/v2\/pages\/10463"}],"collection":[{"href":"https:\/\/tiredofcancerapp.com\/de\/wp-json\/wp\/v2\/pages"}],"about":[{"href":"https:\/\/tiredofcancerapp.com\/de\/wp-json\/wp\/v2\/types\/page"}],"author":[{"embeddable":true,"href":"https:\/\/tiredofcancerapp.com\/de\/wp-json\/wp\/v2\/users\/3"}],"replies":[{"embeddable":true,"href":"https:\/\/tiredofcancerapp.com\/de\/wp-json\/wp\/v2\/comments?post=10463"}],"version-history":[{"count":4,"href":"https:\/\/tiredofcancerapp.com\/de\/wp-json\/wp\/v2\/pages\/10463\/revisions"}],"predecessor-version":[{"id":10679,"href":"https:\/\/tiredofcancerapp.com\/de\/wp-json\/wp\/v2\/pages\/10463\/revisions\/10679"}],"wp:attachment":[{"href":"https:\/\/tiredofcancerapp.com\/de\/wp-json\/wp\/v2\/media?parent=10463"}],"curies":[{"name":"wp","href":"https:\/\/api.w.org\/{rel}","templated":true}]}}