{"id":10554,"date":"2023-11-27T12:29:19","date_gmt":"2023-11-27T11:29:19","guid":{"rendered":"https:\/\/tiredofcancerapp.com\/?page_id=10554"},"modified":"2023-11-27T12:29:19","modified_gmt":"2023-11-27T11:29:19","slug":"daphne-meijer","status":"publish","type":"page","link":"https:\/\/tiredofcancerapp.com\/de\/team-2\/daphne-meijer\/","title":{"rendered":"Daphne Meijer"},"content":{"rendered":"<div class=\"wpb-content-wrapper\"><p>[vc_row padding_top_multiplier=&#8220;&#8220;][vc_column width=&#8220;2\/5&#8243;][\/vc_column][vc_column width=&#8220;1\/5&#8243;]<div class=\"grve-element grve-image grve-align-center\" style=\"\">  <div class=\"grve-image-wrapper\"><img loading=\"lazy\" decoding=\"async\" width=\"1200\" height=\"1200\" src=\"https:\/\/tiredofcancerapp.com\/wp-content\/uploads\/2023\/11\/daphne.jpg\" class=\"attachment-full size-full\" alt=\"\" srcset=\"https:\/\/tiredofcancerapp.com\/wp-content\/uploads\/2023\/11\/daphne.jpg 1200w, https:\/\/tiredofcancerapp.com\/wp-content\/uploads\/2023\/11\/daphne-300x300.jpg 300w, https:\/\/tiredofcancerapp.com\/wp-content\/uploads\/2023\/11\/daphne-1024x1024.jpg 1024w, https:\/\/tiredofcancerapp.com\/wp-content\/uploads\/2023\/11\/daphne-150x150.jpg 150w, https:\/\/tiredofcancerapp.com\/wp-content\/uploads\/2023\/11\/daphne-768x768.jpg 768w, https:\/\/tiredofcancerapp.com\/wp-content\/uploads\/2023\/11\/daphne-560x560.jpg 560w, https:\/\/tiredofcancerapp.com\/wp-content\/uploads\/2023\/11\/daphne-900x900.jpg 900w\" sizes=\"(max-width: 1200px) 100vw, 1200px\" \/>   <\/div><\/div>[\/vc_column][vc_column width=&#8220;2\/5&#8243;][\/vc_column][\/vc_row][vc_row padding_top_multiplier=&#8220;&#8220;][vc_column width=&#8220;1\/4&#8243;][\/vc_column][vc_column width=&#8220;1\/2&#8243;][vc_column_text]<\/p>\n<h3 style=\"text-align: center;\">Daphne Meijer<\/h3>\n<p style=\"text-align: center;\">Kommunikationsmanagerin<\/p>\n<p style=\"text-align: center;\"><a href=\"mailto:daphne@tiredofcancerapp.com\">daphne@tiredofcancerapp.com<\/a><\/p>\n<p>[\/vc_column_text][\/vc_column][vc_column width=&#8220;1\/4&#8243;][\/vc_column][\/vc_row][vc_row][vc_column width=&#8220;1\/4&#8243;][\/vc_column][vc_column width=&#8220;1\/2&#8243;][vc_column_text]Daphne arbeitet als Kommunikationsmanagerin. Sie nutzt ihr Wissen und ihre Kreativit\u00e4t, um einen positiven Beitrag zur Gesellschaft zu leisten. F\u00fcr ihr Abschlussprojekt an der Royal Academy of Art (2009) erstellte sie visuelle Unterst\u00fctzung f\u00fcr eine Studie \u00fcber die Qualit\u00e4t der Versorgung von Tuberkulosepatienten in Afrika (Nigeria). Danach arbeitete sie mehr als zehn Jahre lang als (Grafik-)Designerin f\u00fcr verschiedene niederl\u00e4ndische soziale und gemeinn\u00fctzige Organisationen. In einer Welt voller Informationen schafft sie Kommunikation und Inhalte, die von Bedeutung sind.<\/p>\n<p>Ihr Stil ist klar und authentisch; sie findet es wichtig, dass wir als Organisation offen und ehrlich kommunizieren. Ihr Ziel ist es, die Geschichte von Tired of Cancer so vielen Menschen wie m\u00f6glich nahe zu bringen, die mit krebsbedingter Ersch\u00f6pfung zu k\u00e4mpfen haben.[\/vc_column_text][\/vc_column][vc_column width=&#8220;1\/4&#8243;][\/vc_column][\/vc_row]<\/p>\n<\/div>","protected":false},"excerpt":{"rendered":"<p>[vc_row padding_top_multiplier=&#8220;&#8220;][vc_column width=&#8220;2\/5&#8243;][\/vc_column][vc_column width=&#8220;1\/5&#8243;][\/vc_column][vc_column width=&#8220;2\/5&#8243;][\/vc_column][\/vc_row][vc_row padding_top_multiplier=&#8220;&#8220;][vc_column width=&#8220;1\/4&#8243;][\/vc_column][vc_column width=&#8220;1\/2&#8243;][vc_column_text] Daphne Meijer Kommunikationsmanagerin daphne@tiredofcancerapp.com [\/vc_column_text][\/vc_column][vc_column width=&#8220;1\/4&#8243;][\/vc_column][\/vc_row][vc_row][vc_column width=&#8220;1\/4&#8243;][\/vc_column][vc_column width=&#8220;1\/2&#8243;][vc_column_text]Daphne arbeitet als Kommunikationsmanagerin. Sie nutzt ihr Wissen und ihre Kreativit\u00e4t, um einen positiven Beitrag zur Gesellschaft zu leisten. F\u00fcr ihr Abschlussprojekt an der Royal Academy of Art (2009) erstellte sie visuelle Unterst\u00fctzung f\u00fcr eine Studie \u00fcber die Qualit\u00e4t der [&hellip;]<\/p>\n","protected":false},"author":7,"featured_media":0,"parent":10357,"menu_order":0,"comment_status":"closed","ping_status":"closed","template":"","meta":{"footnotes":""},"yoast_head":"<!-- This site is optimized with the Yoast SEO plugin v24.5 - https:\/\/yoast.com\/wordpress\/plugins\/seo\/ -->\n<title>Daphne Meijer - Tired of Cancer BV<\/title>\n<meta name=\"robots\" content=\"index, follow, max-snippet:-1, max-image-preview:large, max-video-preview:-1\" \/>\n<link rel=\"canonical\" href=\"https:\/\/tiredofcancerapp.com\/de\/team-2\/daphne-meijer\/\" \/>\n<meta property=\"og:locale\" content=\"de_DE\" \/>\n<meta property=\"og:type\" content=\"article\" \/>\n<meta property=\"og:title\" content=\"Daphne Meijer - Tired of Cancer BV\" \/>\n<meta property=\"og:description\" content=\"[vc_row padding_top_multiplier=&#8220;&#8220;][vc_column width=&#8220;2\/5&#8243;][\/vc_column][vc_column width=&#8220;1\/5&#8243;][\/vc_column][vc_column width=&#8220;2\/5&#8243;][\/vc_column][\/vc_row][vc_row padding_top_multiplier=&#8220;&#8220;][vc_column width=&#8220;1\/4&#8243;][\/vc_column][vc_column width=&#8220;1\/2&#8243;][vc_column_text] Daphne Meijer Kommunikationsmanagerin daphne@tiredofcancerapp.com [\/vc_column_text][\/vc_column][vc_column width=&#8220;1\/4&#8243;][\/vc_column][\/vc_row][vc_row][vc_column width=&#8220;1\/4&#8243;][\/vc_column][vc_column width=&#8220;1\/2&#8243;][vc_column_text]Daphne arbeitet als Kommunikationsmanagerin. Sie nutzt ihr Wissen und ihre Kreativit\u00e4t, um einen positiven Beitrag zur Gesellschaft zu leisten. F\u00fcr ihr Abschlussprojekt an der Royal Academy of Art (2009) erstellte sie visuelle Unterst\u00fctzung f\u00fcr eine Studie \u00fcber die Qualit\u00e4t der [&hellip;]\" \/>\n<meta property=\"og:url\" content=\"https:\/\/tiredofcancerapp.com\/de\/team-2\/daphne-meijer\/\" \/>\n<meta property=\"og:site_name\" content=\"Tired of Cancer BV\" \/>\n<meta property=\"article:publisher\" content=\"https:\/\/www.facebook.com\/ToCApp\/\" \/>\n<meta name=\"twitter:card\" content=\"summary_large_image\" \/>\n<meta name=\"twitter:site\" content=\"@ToC_App\" \/>\n<meta name=\"twitter:label1\" content=\"Gesch\u00e4tzte Lesezeit\" \/>\n\t<meta name=\"twitter:data1\" content=\"1\u00a0Minute\" \/>\n<script type=\"application\/ld+json\" class=\"yoast-schema-graph\">{\"@context\":\"https:\/\/schema.org\",\"@graph\":[{\"@type\":\"WebPage\",\"@id\":\"https:\/\/tiredofcancerapp.com\/de\/team-2\/daphne-meijer\/\",\"url\":\"https:\/\/tiredofcancerapp.com\/de\/team-2\/daphne-meijer\/\",\"name\":\"Daphne Meijer - Tired of Cancer BV\",\"isPartOf\":{\"@id\":\"https:\/\/tiredofcancerapp.com\/#website\"},\"datePublished\":\"2023-11-27T11:29:19+00:00\",\"breadcrumb\":{\"@id\":\"https:\/\/tiredofcancerapp.com\/de\/team-2\/daphne-meijer\/#breadcrumb\"},\"inLanguage\":\"de\",\"potentialAction\":[{\"@type\":\"ReadAction\",\"target\":[\"https:\/\/tiredofcancerapp.com\/de\/team-2\/daphne-meijer\/\"]}]},{\"@type\":\"BreadcrumbList\",\"@id\":\"https:\/\/tiredofcancerapp.com\/de\/team-2\/daphne-meijer\/#breadcrumb\",\"itemListElement\":[{\"@type\":\"ListItem\",\"position\":1,\"name\":\"Home\",\"item\":\"https:\/\/tiredofcancerapp.com\/de\/\"},{\"@type\":\"ListItem\",\"position\":2,\"name\":\"Team\",\"item\":\"https:\/\/tiredofcancerapp.com\/de\/?page_id=10357\"},{\"@type\":\"ListItem\",\"position\":3,\"name\":\"Daphne Meijer\"}]},{\"@type\":\"WebSite\",\"@id\":\"https:\/\/tiredofcancerapp.com\/#website\",\"url\":\"https:\/\/tiredofcancerapp.com\/\",\"name\":\"Tired of Cancer BV\",\"description\":\"Tired of Cancer\u2019s Untire app helps cancer patients and survivors to improve quality of life.\",\"potentialAction\":[{\"@type\":\"SearchAction\",\"target\":{\"@type\":\"EntryPoint\",\"urlTemplate\":\"https:\/\/tiredofcancerapp.com\/?s={search_term_string}\"},\"query-input\":{\"@type\":\"PropertyValueSpecification\",\"valueRequired\":true,\"valueName\":\"search_term_string\"}}],\"inLanguage\":\"de\"}]}<\/script>\n<!-- \/ Yoast SEO plugin. -->","yoast_head_json":{"title":"Daphne Meijer - Tired of Cancer BV","robots":{"index":"index","follow":"follow","max-snippet":"max-snippet:-1","max-image-preview":"max-image-preview:large","max-video-preview":"max-video-preview:-1"},"canonical":"https:\/\/tiredofcancerapp.com\/de\/team-2\/daphne-meijer\/","og_locale":"de_DE","og_type":"article","og_title":"Daphne Meijer - Tired of Cancer BV","og_description":"[vc_row padding_top_multiplier=&#8220;&#8220;][vc_column width=&#8220;2\/5&#8243;][\/vc_column][vc_column width=&#8220;1\/5&#8243;][\/vc_column][vc_column width=&#8220;2\/5&#8243;][\/vc_column][\/vc_row][vc_row padding_top_multiplier=&#8220;&#8220;][vc_column width=&#8220;1\/4&#8243;][\/vc_column][vc_column width=&#8220;1\/2&#8243;][vc_column_text] Daphne Meijer Kommunikationsmanagerin daphne@tiredofcancerapp.com [\/vc_column_text][\/vc_column][vc_column width=&#8220;1\/4&#8243;][\/vc_column][\/vc_row][vc_row][vc_column width=&#8220;1\/4&#8243;][\/vc_column][vc_column width=&#8220;1\/2&#8243;][vc_column_text]Daphne arbeitet als Kommunikationsmanagerin. Sie nutzt ihr Wissen und ihre Kreativit\u00e4t, um einen positiven Beitrag zur Gesellschaft zu leisten. F\u00fcr ihr Abschlussprojekt an der Royal Academy of Art (2009) erstellte sie visuelle Unterst\u00fctzung f\u00fcr eine Studie \u00fcber die Qualit\u00e4t der [&hellip;]","og_url":"https:\/\/tiredofcancerapp.com\/de\/team-2\/daphne-meijer\/","og_site_name":"Tired of Cancer BV","article_publisher":"https:\/\/www.facebook.com\/ToCApp\/","twitter_card":"summary_large_image","twitter_site":"@ToC_App","twitter_misc":{"Gesch\u00e4tzte Lesezeit":"1\u00a0Minute"},"schema":{"@context":"https:\/\/schema.org","@graph":[{"@type":"WebPage","@id":"https:\/\/tiredofcancerapp.com\/de\/team-2\/daphne-meijer\/","url":"https:\/\/tiredofcancerapp.com\/de\/team-2\/daphne-meijer\/","name":"Daphne Meijer - Tired of Cancer BV","isPartOf":{"@id":"https:\/\/tiredofcancerapp.com\/#website"},"datePublished":"2023-11-27T11:29:19+00:00","breadcrumb":{"@id":"https:\/\/tiredofcancerapp.com\/de\/team-2\/daphne-meijer\/#breadcrumb"},"inLanguage":"de","potentialAction":[{"@type":"ReadAction","target":["https:\/\/tiredofcancerapp.com\/de\/team-2\/daphne-meijer\/"]}]},{"@type":"BreadcrumbList","@id":"https:\/\/tiredofcancerapp.com\/de\/team-2\/daphne-meijer\/#breadcrumb","itemListElement":[{"@type":"ListItem","position":1,"name":"Home","item":"https:\/\/tiredofcancerapp.com\/de\/"},{"@type":"ListItem","position":2,"name":"Team","item":"https:\/\/tiredofcancerapp.com\/de\/?page_id=10357"},{"@type":"ListItem","position":3,"name":"Daphne Meijer"}]},{"@type":"WebSite","@id":"https:\/\/tiredofcancerapp.com\/#website","url":"https:\/\/tiredofcancerapp.com\/","name":"Tired of Cancer BV","description":"Tired of Cancer\u2019s Untire app helps cancer patients and survivors to improve quality of life.","potentialAction":[{"@type":"SearchAction","target":{"@type":"EntryPoint","urlTemplate":"https:\/\/tiredofcancerapp.com\/?s={search_term_string}"},"query-input":{"@type":"PropertyValueSpecification","valueRequired":true,"valueName":"search_term_string"}}],"inLanguage":"de"}]}},"_links":{"self":[{"href":"https:\/\/tiredofcancerapp.com\/de\/wp-json\/wp\/v2\/pages\/10554"}],"collection":[{"href":"https:\/\/tiredofcancerapp.com\/de\/wp-json\/wp\/v2\/pages"}],"about":[{"href":"https:\/\/tiredofcancerapp.com\/de\/wp-json\/wp\/v2\/types\/page"}],"author":[{"embeddable":true,"href":"https:\/\/tiredofcancerapp.com\/de\/wp-json\/wp\/v2\/users\/7"}],"replies":[{"embeddable":true,"href":"https:\/\/tiredofcancerapp.com\/de\/wp-json\/wp\/v2\/comments?post=10554"}],"version-history":[{"count":1,"href":"https:\/\/tiredofcancerapp.com\/de\/wp-json\/wp\/v2\/pages\/10554\/revisions"}],"predecessor-version":[{"id":10636,"href":"https:\/\/tiredofcancerapp.com\/de\/wp-json\/wp\/v2\/pages\/10554\/revisions\/10636"}],"up":[{"embeddable":true,"href":"https:\/\/tiredofcancerapp.com\/de\/wp-json\/wp\/v2\/pages\/10357"}],"wp:attachment":[{"href":"https:\/\/tiredofcancerapp.com\/de\/wp-json\/wp\/v2\/media?parent=10554"}],"curies":[{"name":"wp","href":"https:\/\/api.w.org\/{rel}","templated":true}]}}