{"id":10627,"date":"2023-11-27T12:31:26","date_gmt":"2023-11-27T11:31:26","guid":{"rendered":"https:\/\/tiredofcancerapp.com\/?page_id=10627"},"modified":"2023-11-27T12:31:26","modified_gmt":"2023-11-27T11:31:26","slug":"stephanie-estowski","status":"publish","type":"page","link":"https:\/\/tiredofcancerapp.com\/de\/team-2\/stephanie-estowski\/","title":{"rendered":"Stephanie Estowski"},"content":{"rendered":"<div class=\"wpb-content-wrapper\"><p>[vc_row padding_top_multiplier=&#8220;&#8220;][vc_column width=&#8220;2\/5&#8243;][\/vc_column][vc_column width=&#8220;1\/5&#8243;]<div class=\"grve-element grve-image grve-align-center\" style=\"\">  <div class=\"grve-image-wrapper\"><img loading=\"lazy\" decoding=\"async\" width=\"1200\" height=\"1200\" src=\"https:\/\/tiredofcancerapp.com\/wp-content\/uploads\/2023\/11\/Stephanie.jpg\" class=\"attachment-full size-full\" alt=\"\" srcset=\"https:\/\/tiredofcancerapp.com\/wp-content\/uploads\/2023\/11\/Stephanie.jpg 1200w, https:\/\/tiredofcancerapp.com\/wp-content\/uploads\/2023\/11\/Stephanie-300x300.jpg 300w, https:\/\/tiredofcancerapp.com\/wp-content\/uploads\/2023\/11\/Stephanie-1024x1024.jpg 1024w, https:\/\/tiredofcancerapp.com\/wp-content\/uploads\/2023\/11\/Stephanie-150x150.jpg 150w, https:\/\/tiredofcancerapp.com\/wp-content\/uploads\/2023\/11\/Stephanie-768x768.jpg 768w, https:\/\/tiredofcancerapp.com\/wp-content\/uploads\/2023\/11\/Stephanie-560x560.jpg 560w, https:\/\/tiredofcancerapp.com\/wp-content\/uploads\/2023\/11\/Stephanie-900x900.jpg 900w\" sizes=\"(max-width: 1200px) 100vw, 1200px\" \/>   <\/div><\/div>[\/vc_column][vc_column width=&#8220;2\/5&#8243;][\/vc_column][\/vc_row][vc_row padding_top_multiplier=&#8220;&#8220;][vc_column width=&#8220;1\/4&#8243;][\/vc_column][vc_column width=&#8220;1\/2&#8243;][vc_column_text]<\/p>\n<h3 style=\"text-align: center;\">Stephanie Estowski<\/h3>\n<p style=\"text-align: center;\">Projektmanager &#8211; Deutschen Markt<\/p>\n<p style=\"text-align: center;\"><a href=\"mailto:stephanie@tiredofcancerapp.com\">stephanie@tiredofcancerapp.com<\/a><\/p>\n<p>[\/vc_column_text][\/vc_column][vc_column width=&#8220;1\/4&#8243;][\/vc_column][\/vc_row][vc_row][vc_column width=&#8220;1\/4&#8243;][\/vc_column][vc_column width=&#8220;1\/2&#8243;][vc_column_text]Stephanie, geb\u00fcrtig aus Deutschland, ist als Projektmanagerin mit Fokus auf dem deutschen Markt bei uns t\u00e4tig. In ihrer Rolle arbeitet sie mit deutschen Partnern und Interessengruppen zusammen, um einen erfolgreichen Markteintritt f\u00fcr die App zu gew\u00e4hrleisten. Mit einer mehrj\u00e4hrigen Erfahrung im Customer Success Management und\u00a0 als Digital Media Consultant bringt sie ein tiefes Verst\u00e4ndnis f\u00fcr die Bed\u00fcrfnisse der Kunden in ihr Projekt ein. Stephanie engagiert sich f\u00fcr die Mission von Untire und strebt danach, ihre Erfahrung zu nutzen, um in Deutschland ein starkes Netzwerk aufzubauen, insbesondere f\u00fcr Selbsthilfegruppen von Krebspatienten und Gesundheitsdienstleister.[\/vc_column_text][\/vc_column][vc_column width=&#8220;1\/4&#8243;][\/vc_column][\/vc_row]<\/p>\n<\/div>","protected":false},"excerpt":{"rendered":"<p>[vc_row padding_top_multiplier=&#8220;&#8220;][vc_column width=&#8220;2\/5&#8243;][\/vc_column][vc_column width=&#8220;1\/5&#8243;][\/vc_column][vc_column width=&#8220;2\/5&#8243;][\/vc_column][\/vc_row][vc_row padding_top_multiplier=&#8220;&#8220;][vc_column width=&#8220;1\/4&#8243;][\/vc_column][vc_column width=&#8220;1\/2&#8243;][vc_column_text] Stephanie Estowski Projektmanager &#8211; Deutschen Markt stephanie@tiredofcancerapp.com [\/vc_column_text][\/vc_column][vc_column width=&#8220;1\/4&#8243;][\/vc_column][\/vc_row][vc_row][vc_column width=&#8220;1\/4&#8243;][\/vc_column][vc_column width=&#8220;1\/2&#8243;][vc_column_text]Stephanie, geb\u00fcrtig aus Deutschland, ist als Projektmanagerin mit Fokus auf dem deutschen Markt bei uns t\u00e4tig. In ihrer Rolle arbeitet sie mit deutschen Partnern und Interessengruppen zusammen, um einen erfolgreichen Markteintritt f\u00fcr die App zu gew\u00e4hrleisten. Mit [&hellip;]<\/p>\n","protected":false},"author":7,"featured_media":0,"parent":10357,"menu_order":0,"comment_status":"closed","ping_status":"closed","template":"","meta":{"footnotes":""},"yoast_head":"<!-- This site is optimized with the Yoast SEO plugin v24.5 - https:\/\/yoast.com\/wordpress\/plugins\/seo\/ -->\n<title>Stephanie Estowski - Tired of Cancer BV<\/title>\n<meta name=\"robots\" content=\"index, follow, max-snippet:-1, max-image-preview:large, max-video-preview:-1\" \/>\n<link rel=\"canonical\" href=\"https:\/\/tiredofcancerapp.com\/de\/team-2\/stephanie-estowski\/\" \/>\n<meta property=\"og:locale\" content=\"de_DE\" \/>\n<meta property=\"og:type\" content=\"article\" \/>\n<meta property=\"og:title\" content=\"Stephanie Estowski - Tired of Cancer BV\" \/>\n<meta property=\"og:description\" content=\"[vc_row padding_top_multiplier=&#8220;&#8220;][vc_column width=&#8220;2\/5&#8243;][\/vc_column][vc_column width=&#8220;1\/5&#8243;][\/vc_column][vc_column width=&#8220;2\/5&#8243;][\/vc_column][\/vc_row][vc_row padding_top_multiplier=&#8220;&#8220;][vc_column width=&#8220;1\/4&#8243;][\/vc_column][vc_column width=&#8220;1\/2&#8243;][vc_column_text] Stephanie Estowski Projektmanager &#8211; Deutschen Markt stephanie@tiredofcancerapp.com [\/vc_column_text][\/vc_column][vc_column width=&#8220;1\/4&#8243;][\/vc_column][\/vc_row][vc_row][vc_column width=&#8220;1\/4&#8243;][\/vc_column][vc_column width=&#8220;1\/2&#8243;][vc_column_text]Stephanie, geb\u00fcrtig aus Deutschland, ist als Projektmanagerin mit Fokus auf dem deutschen Markt bei uns t\u00e4tig. In ihrer Rolle arbeitet sie mit deutschen Partnern und Interessengruppen zusammen, um einen erfolgreichen Markteintritt f\u00fcr die App zu gew\u00e4hrleisten. Mit [&hellip;]\" \/>\n<meta property=\"og:url\" content=\"https:\/\/tiredofcancerapp.com\/de\/team-2\/stephanie-estowski\/\" \/>\n<meta property=\"og:site_name\" content=\"Tired of Cancer BV\" \/>\n<meta property=\"article:publisher\" content=\"https:\/\/www.facebook.com\/ToCApp\/\" \/>\n<meta name=\"twitter:card\" content=\"summary_large_image\" \/>\n<meta name=\"twitter:site\" content=\"@ToC_App\" \/>\n<meta name=\"twitter:label1\" content=\"Gesch\u00e4tzte Lesezeit\" \/>\n\t<meta name=\"twitter:data1\" content=\"1\u00a0Minute\" \/>\n<script type=\"application\/ld+json\" class=\"yoast-schema-graph\">{\"@context\":\"https:\/\/schema.org\",\"@graph\":[{\"@type\":\"WebPage\",\"@id\":\"https:\/\/tiredofcancerapp.com\/de\/team-2\/stephanie-estowski\/\",\"url\":\"https:\/\/tiredofcancerapp.com\/de\/team-2\/stephanie-estowski\/\",\"name\":\"Stephanie Estowski - Tired of Cancer BV\",\"isPartOf\":{\"@id\":\"https:\/\/tiredofcancerapp.com\/#website\"},\"datePublished\":\"2023-11-27T11:31:26+00:00\",\"breadcrumb\":{\"@id\":\"https:\/\/tiredofcancerapp.com\/de\/team-2\/stephanie-estowski\/#breadcrumb\"},\"inLanguage\":\"de\",\"potentialAction\":[{\"@type\":\"ReadAction\",\"target\":[\"https:\/\/tiredofcancerapp.com\/de\/team-2\/stephanie-estowski\/\"]}]},{\"@type\":\"BreadcrumbList\",\"@id\":\"https:\/\/tiredofcancerapp.com\/de\/team-2\/stephanie-estowski\/#breadcrumb\",\"itemListElement\":[{\"@type\":\"ListItem\",\"position\":1,\"name\":\"Home\",\"item\":\"https:\/\/tiredofcancerapp.com\/de\/\"},{\"@type\":\"ListItem\",\"position\":2,\"name\":\"Team\",\"item\":\"https:\/\/tiredofcancerapp.com\/de\/?page_id=10357\"},{\"@type\":\"ListItem\",\"position\":3,\"name\":\"Stephanie Estowski\"}]},{\"@type\":\"WebSite\",\"@id\":\"https:\/\/tiredofcancerapp.com\/#website\",\"url\":\"https:\/\/tiredofcancerapp.com\/\",\"name\":\"Tired of Cancer BV\",\"description\":\"Tired of Cancer\u2019s Untire app helps cancer patients and survivors to improve quality of life.\",\"potentialAction\":[{\"@type\":\"SearchAction\",\"target\":{\"@type\":\"EntryPoint\",\"urlTemplate\":\"https:\/\/tiredofcancerapp.com\/?s={search_term_string}\"},\"query-input\":{\"@type\":\"PropertyValueSpecification\",\"valueRequired\":true,\"valueName\":\"search_term_string\"}}],\"inLanguage\":\"de\"}]}<\/script>\n<!-- \/ Yoast SEO plugin. -->","yoast_head_json":{"title":"Stephanie Estowski - Tired of Cancer BV","robots":{"index":"index","follow":"follow","max-snippet":"max-snippet:-1","max-image-preview":"max-image-preview:large","max-video-preview":"max-video-preview:-1"},"canonical":"https:\/\/tiredofcancerapp.com\/de\/team-2\/stephanie-estowski\/","og_locale":"de_DE","og_type":"article","og_title":"Stephanie Estowski - Tired of Cancer BV","og_description":"[vc_row padding_top_multiplier=&#8220;&#8220;][vc_column width=&#8220;2\/5&#8243;][\/vc_column][vc_column width=&#8220;1\/5&#8243;][\/vc_column][vc_column width=&#8220;2\/5&#8243;][\/vc_column][\/vc_row][vc_row padding_top_multiplier=&#8220;&#8220;][vc_column width=&#8220;1\/4&#8243;][\/vc_column][vc_column width=&#8220;1\/2&#8243;][vc_column_text] Stephanie Estowski Projektmanager &#8211; Deutschen Markt stephanie@tiredofcancerapp.com [\/vc_column_text][\/vc_column][vc_column width=&#8220;1\/4&#8243;][\/vc_column][\/vc_row][vc_row][vc_column width=&#8220;1\/4&#8243;][\/vc_column][vc_column width=&#8220;1\/2&#8243;][vc_column_text]Stephanie, geb\u00fcrtig aus Deutschland, ist als Projektmanagerin mit Fokus auf dem deutschen Markt bei uns t\u00e4tig. In ihrer Rolle arbeitet sie mit deutschen Partnern und Interessengruppen zusammen, um einen erfolgreichen Markteintritt f\u00fcr die App zu gew\u00e4hrleisten. Mit [&hellip;]","og_url":"https:\/\/tiredofcancerapp.com\/de\/team-2\/stephanie-estowski\/","og_site_name":"Tired of Cancer BV","article_publisher":"https:\/\/www.facebook.com\/ToCApp\/","twitter_card":"summary_large_image","twitter_site":"@ToC_App","twitter_misc":{"Gesch\u00e4tzte Lesezeit":"1\u00a0Minute"},"schema":{"@context":"https:\/\/schema.org","@graph":[{"@type":"WebPage","@id":"https:\/\/tiredofcancerapp.com\/de\/team-2\/stephanie-estowski\/","url":"https:\/\/tiredofcancerapp.com\/de\/team-2\/stephanie-estowski\/","name":"Stephanie Estowski - Tired of Cancer BV","isPartOf":{"@id":"https:\/\/tiredofcancerapp.com\/#website"},"datePublished":"2023-11-27T11:31:26+00:00","breadcrumb":{"@id":"https:\/\/tiredofcancerapp.com\/de\/team-2\/stephanie-estowski\/#breadcrumb"},"inLanguage":"de","potentialAction":[{"@type":"ReadAction","target":["https:\/\/tiredofcancerapp.com\/de\/team-2\/stephanie-estowski\/"]}]},{"@type":"BreadcrumbList","@id":"https:\/\/tiredofcancerapp.com\/de\/team-2\/stephanie-estowski\/#breadcrumb","itemListElement":[{"@type":"ListItem","position":1,"name":"Home","item":"https:\/\/tiredofcancerapp.com\/de\/"},{"@type":"ListItem","position":2,"name":"Team","item":"https:\/\/tiredofcancerapp.com\/de\/?page_id=10357"},{"@type":"ListItem","position":3,"name":"Stephanie Estowski"}]},{"@type":"WebSite","@id":"https:\/\/tiredofcancerapp.com\/#website","url":"https:\/\/tiredofcancerapp.com\/","name":"Tired of Cancer BV","description":"Tired of Cancer\u2019s Untire app helps cancer patients and survivors to improve quality of life.","potentialAction":[{"@type":"SearchAction","target":{"@type":"EntryPoint","urlTemplate":"https:\/\/tiredofcancerapp.com\/?s={search_term_string}"},"query-input":{"@type":"PropertyValueSpecification","valueRequired":true,"valueName":"search_term_string"}}],"inLanguage":"de"}]}},"_links":{"self":[{"href":"https:\/\/tiredofcancerapp.com\/de\/wp-json\/wp\/v2\/pages\/10627"}],"collection":[{"href":"https:\/\/tiredofcancerapp.com\/de\/wp-json\/wp\/v2\/pages"}],"about":[{"href":"https:\/\/tiredofcancerapp.com\/de\/wp-json\/wp\/v2\/types\/page"}],"author":[{"embeddable":true,"href":"https:\/\/tiredofcancerapp.com\/de\/wp-json\/wp\/v2\/users\/7"}],"replies":[{"embeddable":true,"href":"https:\/\/tiredofcancerapp.com\/de\/wp-json\/wp\/v2\/comments?post=10627"}],"version-history":[{"count":1,"href":"https:\/\/tiredofcancerapp.com\/de\/wp-json\/wp\/v2\/pages\/10627\/revisions"}],"predecessor-version":[{"id":10638,"href":"https:\/\/tiredofcancerapp.com\/de\/wp-json\/wp\/v2\/pages\/10627\/revisions\/10638"}],"up":[{"embeddable":true,"href":"https:\/\/tiredofcancerapp.com\/de\/wp-json\/wp\/v2\/pages\/10357"}],"wp:attachment":[{"href":"https:\/\/tiredofcancerapp.com\/de\/wp-json\/wp\/v2\/media?parent=10627"}],"curies":[{"name":"wp","href":"https:\/\/api.w.org\/{rel}","templated":true}]}}