{"id":10779,"date":"2024-09-18T12:00:13","date_gmt":"2024-09-18T10:00:13","guid":{"rendered":"https:\/\/tiredofcancerapp.com\/?page_id=10779"},"modified":"2024-09-18T14:59:05","modified_gmt":"2024-09-18T12:59:05","slug":"press-release-untire-x-dr-pfleger","status":"publish","type":"page","link":"https:\/\/tiredofcancerapp.com\/de\/press-release-untire-x-dr-pfleger\/","title":{"rendered":"Press Release Untire x Dr. Pfleger"},"content":{"rendered":"<div class=\"wpb-content-wrapper\"><p>[vc_row][vc_column]<div class=\"grve-element grve-image grve-align-center\" style=\"\">  <div class=\"grve-image-wrapper\"><img loading=\"lazy\" decoding=\"async\" width=\"1584\" height=\"396\" src=\"https:\/\/tiredofcancerapp.com\/wp-content\/uploads\/2024\/09\/header-untire-X-Dr-Pfleger-2.png\" class=\"attachment-full size-full\" alt=\"\" srcset=\"https:\/\/tiredofcancerapp.com\/wp-content\/uploads\/2024\/09\/header-untire-X-Dr-Pfleger-2.png 1584w, https:\/\/tiredofcancerapp.com\/wp-content\/uploads\/2024\/09\/header-untire-X-Dr-Pfleger-2-300x75.png 300w, https:\/\/tiredofcancerapp.com\/wp-content\/uploads\/2024\/09\/header-untire-X-Dr-Pfleger-2-1024x256.png 1024w, https:\/\/tiredofcancerapp.com\/wp-content\/uploads\/2024\/09\/header-untire-X-Dr-Pfleger-2-768x192.png 768w, https:\/\/tiredofcancerapp.com\/wp-content\/uploads\/2024\/09\/header-untire-X-Dr-Pfleger-2-1536x384.png 1536w\" sizes=\"(max-width: 1584px) 100vw, 1584px\" \/>   <\/div><\/div><h1 class=\"grve-element grve-title grve-align-left grve-h1\" style=\"\"><span><br>\n<h1>Mit vereinten Kr\u00e4ften ersch\u00f6pfte Brustkrebspatientinnen in Deutschland helfen<\/h1>\n<\/span><\/h1>[\/vc_column][\/vc_row][vc_row][vc_column]<h3 class=\"grve-element grve-title grve-align-left grve-h3\" style=\"\"><span><br>\n<h2 class=\"wp-block-heading\">Dr. Pfleger Arzneimittel und Tired of Cancer unterzeichnen Vertriebsvereinbarung f\u00fcr DiGA Untire App in Deutschland<\/h2>\n&nbsp;<br>\n<strong>18.09.2024, BAMBERG \/ UTRECHT \u2013 Das Unternehmen Dr. Pfleger Arzneimittel GmbH wird die Untire-App, ein digitales Therapieprogramm gegen starke Ersch\u00f6pfung als Begleiterscheinung von Krebserkrankten (sog. Cancer Related Fatigue, CRF), deutschlandweit zum Nutzen von Brustkrebspatientinnen vertreiben. Mehr als 250.000\u00a0 Brustkrebspatientinnen leiden in Deutschland unter mittelschwerer bis schwerer Ersch\u00f6pfung, der h\u00e4ufigsten, am wenigsten diskutierten und am meisten unterbehandelten Nebenwirkung von Krebs. Die Untire-App hilft den Patientinnen, die Fatigue zu reduzieren.<\/strong><\/span><\/h3>[\/vc_column][\/vc_row][vc_row][vc_column][vc_column_text]Die Untire-App ist ein sogenanntes Digitales Therapeutikum (DTx) und wurde Ende 2023 vom BfArM als DiGA (Digitale Gesundheitsanwendung) f\u00fcr Brustkrebspatientinnen vorl\u00e4ufig zugelassen. Das bedeutet, dass \u00c4rzt:innen die App verschreiben d\u00fcrfen und sie von gesetzlichen Krankenkassen erstattet wird. Die App richtet sich an Patientinnen mit krebsbedingter Fatigue (CRF), ein oft \u00fcbersehenes Problem w\u00e4hrend und nach der Behandlung von Krebs.<\/p>\n<p><strong>Wissenschaftlich erwiesene Wirksamkeit<\/strong><\/p>\n<p>Untire bietet ein umfassendes und wissenschaftlich nachgewiesenes Programm zur Verringerung der krebsbedingten Fatigue. Bei den mittlerweile fast 50.000 Nutzer:innen im In- und Ausland hat sich die Ersch\u00f6pfung nach dreimonatiger Nutzung deutlich reduziert und die Lebensqualit\u00e4t verbessert.<\/p>\n<p>Untire ist bereits vorl\u00e4ufig im DiGA-Verzeichnis gelistet. Tired of Cancer f\u00fchrt derzeit eine randomisierte kontrollierte klinische Studie in Deutschland durch, um eine dauerhafte Zulassung zu erhalten.<\/p>\n<p>Dr. G\u00fcnter Auerbach, Gesch\u00e4ftsf\u00fchrer von Dr. Pfleger Arzneimittel, sagt: \u201eDiese Vereinbarung ist ein sehr wichtiger Schritt, um deutschen Patientinnen zu helfen, ihre Fatigue zu reduzieren. Wir freuen uns sehr auf die Zusammenarbeit mit Tired of Cancer.\u201c<\/p>\n<p>\u201eFatigue wird oft \u00fcbersehen, da \u00c4rzte und \u00c4rztinnen keine spezifische medizinische L\u00f6sung haben und sich auf die Krebstherapie konzentrieren. Patientinnen sprechen in der Regel nicht dar\u00fcber, weil sie denken, dass man nichts dagegen tun kann. Infolgedessen bleibt das Problem unausgesprochen und unbehandelt\u201c, beschreibt Dr. Bram Kuiper, Gesch\u00e4ftsf\u00fchrer von Tired of Cancer das Potential der DiGA Untire.<\/p>\n<p>\u201eWir m\u00f6chten sukzessive unser Produktportfolio um digitale Gesundheitsanwendungen erweitern, weshalb Untire eine hervorragende Erg\u00e4nzung darstellt\u201d, so Ralf Will, Gesch\u00e4ftsf\u00fchrer von Dr. Pfleger Arzneimittel.<\/p>\n<p><strong>\u00dcber Tired of Cancer<\/strong><\/p>\n<p>Tired of Cancer mit Sitz in Utrecht (NL) entwickelt und vertreibt die Untire-App, eine wissenschaftlich fundierte L\u00f6sung f\u00fcr Ersch\u00f6pfung bei Krebspatient:innen. Die App ist in den Niederlanden mit Unterst\u00fctzung des KWF erh\u00e4ltlich und wurde inzwischen auch in Deutschland, dem Vereinigten K\u00f6nigreich und Argentinien eingef\u00fchrt.<\/p>\n<p><strong>\u00dcber Dr. Pfleger Arzneimittel GmbH<\/strong><\/p>\n<p>Dr. Pfleger Arzneimittel GmbH ist ein mittelst\u00e4ndisches Pharmaunternehmen aus Bamberg (DE). Seit 1945 bietet Dr. Pfleger Arzneimittel eine breite Palette an Arzneimitteln, Medizinprodukten und Produkten aus dem Gesundheitsbereich an. \u00a0Mit \u00fcber 400 Mitarbeitenden arbeitet das Unternehmen in Herstellung, Entwicklung und Vertrieb. Das Sortiment umfasst etwa 60 Gesundheitsprodukte aus den Bereichen der Urologie, Gyn\u00e4kologie sowie der Selbstmedikation von Schmerzen, Heiserkeit und der Haargesundheit.<\/p>\n<p>Die vom Unternehmen erwirtschafteten finanziellen \u00dcbersch\u00fcsse werden an die Doktor Robert Pfleger Stiftung weitergegeben. Die Stiftung ist F\u00f6rderer der medizinischen Forschung und Stifter des Robert Pfleger-Forschungspreises. Dar\u00fcber hinaus unterst\u00fctzt die Doktor Robert Pfleger-Stiftung sozial-karitative Projekte, insbesondere im Bereich der Jugend- und Altenpflege.[\/vc_column_text][\/vc_column][\/vc_row][vc_row][vc_column][vc_column_text]<strong><u>Pressekontakt<\/u><\/strong><\/p>\n<p><strong>Dr. Pfleger Arzneimittel GmbH<\/strong><br \/>\nJulia Wich<br \/>\nManager Corporate Communications<br \/>\n<a href=\"mailto:communications@dr-pfleger.de\">communications@dr-pfleger.de<\/a><\/p>\n<p><strong>Tired of Cancer BV<\/strong><br \/>\nMarcel Paapst<br \/>\n+31 (0) 6 22795569<br \/>\n<a href=\"mailto:paapst@paapstvandam.nl\">paapst@paapstvandam.nl<\/a>[\/vc_column_text][\/vc_column][\/vc_row][vc_row][vc_column][\/vc_column][\/vc_row]<\/p>\n<\/div>","protected":false},"excerpt":{"rendered":"<p>[vc_row][vc_column][\/vc_column][\/vc_row][vc_row][vc_column][\/vc_column][\/vc_row][vc_row][vc_column][vc_column_text]Die Untire-App ist ein sogenanntes Digitales Therapeutikum (DTx) und wurde Ende 2023 vom BfArM als DiGA (Digitale Gesundheitsanwendung) f\u00fcr Brustkrebspatientinnen vorl\u00e4ufig zugelassen. Das bedeutet, dass \u00c4rzt:innen die App verschreiben d\u00fcrfen und sie von gesetzlichen Krankenkassen erstattet wird. Die App richtet sich an Patientinnen mit krebsbedingter Fatigue (CRF), ein oft \u00fcbersehenes Problem w\u00e4hrend und nach der [&hellip;]<\/p>\n","protected":false},"author":8,"featured_media":0,"parent":0,"menu_order":0,"comment_status":"closed","ping_status":"closed","template":"","meta":{"footnotes":""},"yoast_head":"<!-- This site is optimized with the Yoast SEO plugin v24.5 - https:\/\/yoast.com\/wordpress\/plugins\/seo\/ -->\n<title>Press Release Untire x Dr. Pfleger - Tired of Cancer BV<\/title>\n<meta name=\"robots\" content=\"index, follow, max-snippet:-1, max-image-preview:large, max-video-preview:-1\" \/>\n<link rel=\"canonical\" href=\"https:\/\/tiredofcancerapp.com\/de\/press-release-untire-x-dr-pfleger\/\" \/>\n<meta property=\"og:locale\" content=\"de_DE\" \/>\n<meta property=\"og:type\" content=\"article\" \/>\n<meta property=\"og:title\" content=\"Press Release Untire x Dr. Pfleger - Tired of Cancer BV\" \/>\n<meta property=\"og:description\" content=\"[vc_row][vc_column][\/vc_column][\/vc_row][vc_row][vc_column][\/vc_column][\/vc_row][vc_row][vc_column][vc_column_text]Die Untire-App ist ein sogenanntes Digitales Therapeutikum (DTx) und wurde Ende 2023 vom BfArM als DiGA (Digitale Gesundheitsanwendung) f\u00fcr Brustkrebspatientinnen vorl\u00e4ufig zugelassen. Das bedeutet, dass \u00c4rzt:innen die App verschreiben d\u00fcrfen und sie von gesetzlichen Krankenkassen erstattet wird. Die App richtet sich an Patientinnen mit krebsbedingter Fatigue (CRF), ein oft \u00fcbersehenes Problem w\u00e4hrend und nach der [&hellip;]\" \/>\n<meta property=\"og:url\" content=\"https:\/\/tiredofcancerapp.com\/de\/press-release-untire-x-dr-pfleger\/\" \/>\n<meta property=\"og:site_name\" content=\"Tired of Cancer BV\" \/>\n<meta property=\"article:publisher\" content=\"https:\/\/www.facebook.com\/ToCApp\/\" \/>\n<meta property=\"article:modified_time\" content=\"2024-09-18T12:59:05+00:00\" \/>\n<meta name=\"twitter:card\" content=\"summary_large_image\" \/>\n<meta name=\"twitter:site\" content=\"@ToC_App\" \/>\n<meta name=\"twitter:label1\" content=\"Gesch\u00e4tzte Lesezeit\" \/>\n\t<meta name=\"twitter:data1\" content=\"3\u00a0Minuten\" \/>\n<script type=\"application\/ld+json\" class=\"yoast-schema-graph\">{\"@context\":\"https:\/\/schema.org\",\"@graph\":[{\"@type\":\"WebPage\",\"@id\":\"https:\/\/tiredofcancerapp.com\/de\/press-release-untire-x-dr-pfleger\/\",\"url\":\"https:\/\/tiredofcancerapp.com\/de\/press-release-untire-x-dr-pfleger\/\",\"name\":\"Press Release Untire x Dr. Pfleger - Tired of Cancer BV\",\"isPartOf\":{\"@id\":\"https:\/\/tiredofcancerapp.com\/#website\"},\"datePublished\":\"2024-09-18T10:00:13+00:00\",\"dateModified\":\"2024-09-18T12:59:05+00:00\",\"breadcrumb\":{\"@id\":\"https:\/\/tiredofcancerapp.com\/de\/press-release-untire-x-dr-pfleger\/#breadcrumb\"},\"inLanguage\":\"de\",\"potentialAction\":[{\"@type\":\"ReadAction\",\"target\":[\"https:\/\/tiredofcancerapp.com\/de\/press-release-untire-x-dr-pfleger\/\"]}]},{\"@type\":\"BreadcrumbList\",\"@id\":\"https:\/\/tiredofcancerapp.com\/de\/press-release-untire-x-dr-pfleger\/#breadcrumb\",\"itemListElement\":[{\"@type\":\"ListItem\",\"position\":1,\"name\":\"Home\",\"item\":\"https:\/\/tiredofcancerapp.com\/de\/\"},{\"@type\":\"ListItem\",\"position\":2,\"name\":\"Press Release Untire x Dr. Pfleger\"}]},{\"@type\":\"WebSite\",\"@id\":\"https:\/\/tiredofcancerapp.com\/#website\",\"url\":\"https:\/\/tiredofcancerapp.com\/\",\"name\":\"Tired of Cancer BV\",\"description\":\"Tired of Cancer\u2019s Untire app helps cancer patients and survivors to improve quality of life.\",\"potentialAction\":[{\"@type\":\"SearchAction\",\"target\":{\"@type\":\"EntryPoint\",\"urlTemplate\":\"https:\/\/tiredofcancerapp.com\/?s={search_term_string}\"},\"query-input\":{\"@type\":\"PropertyValueSpecification\",\"valueRequired\":true,\"valueName\":\"search_term_string\"}}],\"inLanguage\":\"de\"}]}<\/script>\n<!-- \/ Yoast SEO plugin. -->","yoast_head_json":{"title":"Press Release Untire x Dr. Pfleger - Tired of Cancer BV","robots":{"index":"index","follow":"follow","max-snippet":"max-snippet:-1","max-image-preview":"max-image-preview:large","max-video-preview":"max-video-preview:-1"},"canonical":"https:\/\/tiredofcancerapp.com\/de\/press-release-untire-x-dr-pfleger\/","og_locale":"de_DE","og_type":"article","og_title":"Press Release Untire x Dr. Pfleger - Tired of Cancer BV","og_description":"[vc_row][vc_column][\/vc_column][\/vc_row][vc_row][vc_column][\/vc_column][\/vc_row][vc_row][vc_column][vc_column_text]Die Untire-App ist ein sogenanntes Digitales Therapeutikum (DTx) und wurde Ende 2023 vom BfArM als DiGA (Digitale Gesundheitsanwendung) f\u00fcr Brustkrebspatientinnen vorl\u00e4ufig zugelassen. Das bedeutet, dass \u00c4rzt:innen die App verschreiben d\u00fcrfen und sie von gesetzlichen Krankenkassen erstattet wird. Die App richtet sich an Patientinnen mit krebsbedingter Fatigue (CRF), ein oft \u00fcbersehenes Problem w\u00e4hrend und nach der [&hellip;]","og_url":"https:\/\/tiredofcancerapp.com\/de\/press-release-untire-x-dr-pfleger\/","og_site_name":"Tired of Cancer BV","article_publisher":"https:\/\/www.facebook.com\/ToCApp\/","article_modified_time":"2024-09-18T12:59:05+00:00","twitter_card":"summary_large_image","twitter_site":"@ToC_App","twitter_misc":{"Gesch\u00e4tzte Lesezeit":"3\u00a0Minuten"},"schema":{"@context":"https:\/\/schema.org","@graph":[{"@type":"WebPage","@id":"https:\/\/tiredofcancerapp.com\/de\/press-release-untire-x-dr-pfleger\/","url":"https:\/\/tiredofcancerapp.com\/de\/press-release-untire-x-dr-pfleger\/","name":"Press Release Untire x Dr. Pfleger - Tired of Cancer BV","isPartOf":{"@id":"https:\/\/tiredofcancerapp.com\/#website"},"datePublished":"2024-09-18T10:00:13+00:00","dateModified":"2024-09-18T12:59:05+00:00","breadcrumb":{"@id":"https:\/\/tiredofcancerapp.com\/de\/press-release-untire-x-dr-pfleger\/#breadcrumb"},"inLanguage":"de","potentialAction":[{"@type":"ReadAction","target":["https:\/\/tiredofcancerapp.com\/de\/press-release-untire-x-dr-pfleger\/"]}]},{"@type":"BreadcrumbList","@id":"https:\/\/tiredofcancerapp.com\/de\/press-release-untire-x-dr-pfleger\/#breadcrumb","itemListElement":[{"@type":"ListItem","position":1,"name":"Home","item":"https:\/\/tiredofcancerapp.com\/de\/"},{"@type":"ListItem","position":2,"name":"Press Release Untire x Dr. Pfleger"}]},{"@type":"WebSite","@id":"https:\/\/tiredofcancerapp.com\/#website","url":"https:\/\/tiredofcancerapp.com\/","name":"Tired of Cancer BV","description":"Tired of Cancer\u2019s Untire app helps cancer patients and survivors to improve quality of life.","potentialAction":[{"@type":"SearchAction","target":{"@type":"EntryPoint","urlTemplate":"https:\/\/tiredofcancerapp.com\/?s={search_term_string}"},"query-input":{"@type":"PropertyValueSpecification","valueRequired":true,"valueName":"search_term_string"}}],"inLanguage":"de"}]}},"_links":{"self":[{"href":"https:\/\/tiredofcancerapp.com\/de\/wp-json\/wp\/v2\/pages\/10779"}],"collection":[{"href":"https:\/\/tiredofcancerapp.com\/de\/wp-json\/wp\/v2\/pages"}],"about":[{"href":"https:\/\/tiredofcancerapp.com\/de\/wp-json\/wp\/v2\/types\/page"}],"author":[{"embeddable":true,"href":"https:\/\/tiredofcancerapp.com\/de\/wp-json\/wp\/v2\/users\/8"}],"replies":[{"embeddable":true,"href":"https:\/\/tiredofcancerapp.com\/de\/wp-json\/wp\/v2\/comments?post=10779"}],"version-history":[{"count":10,"href":"https:\/\/tiredofcancerapp.com\/de\/wp-json\/wp\/v2\/pages\/10779\/revisions"}],"predecessor-version":[{"id":10796,"href":"https:\/\/tiredofcancerapp.com\/de\/wp-json\/wp\/v2\/pages\/10779\/revisions\/10796"}],"wp:attachment":[{"href":"https:\/\/tiredofcancerapp.com\/de\/wp-json\/wp\/v2\/media?parent=10779"}],"curies":[{"name":"wp","href":"https:\/\/api.w.org\/{rel}","templated":true}]}}